{"id":2302,"date":"2019-06-28T15:50:12","date_gmt":"2019-06-28T13:50:12","guid":{"rendered":"https:\/\/www.agenor.hr\/?page_id=2302"},"modified":"2019-06-28T16:41:35","modified_gmt":"2019-06-28T14:41:35","slug":"imam-staro-postrojenje-trebam-li-mijenjati-upravljanje","status":"publish","type":"page","link":"https:\/\/www.agenor.hr\/hr\/pitanja-i-odgovori\/imam-staro-postrojenje-trebam-li-mijenjati-upravljanje\/","title":{"rendered":"Imam staro postrojenje, trebam li mijenjati upravljanje?"},"content":{"rendered":"<p><img loading=\"lazy\" class=\"alignnone size-full wp-image-601\" src=\"https:\/\/www.agenor.hr\/wp-content\/uploads\/2014\/06\/blog-reaut.jpg\" alt=\"\" width=\"1024\" height=\"682\" srcset=\"https:\/\/www.agenor.hr\/wp-content\/uploads\/2014\/06\/blog-reaut.jpg 1024w, https:\/\/www.agenor.hr\/wp-content\/uploads\/2014\/06\/blog-reaut-300x200.jpg 300w\" sizes=\"(max-width: 1024px) 100vw, 1024px\" \/><\/p>\n<p>U praksi \u010desto susre\u0107emo proizvodne strojeve koji su stari 20 ili vi\u0161e godina. Takvi strojevi obi\u010dno imaju mehaniku koja je i dalje savr\u0161eno funkcionalna, ali je upravljanje postalo nepouzdano.<\/p>\n<p>Elektri\u010dni sustav \u010desto ima sitnije kvarove. Ponekad ih je te\u0161ko otkloniti jer elektro-sheme vi\u0161e nisu a\u017eurne, a na stroju je ve\u0107 izvedena serija modifikacija. Kontroler je zastario, za njega nema rezervnih dijelova, niti na tr\u017ei\u0161tu postoje in\u017eenjeri koji s njime znaju raditi.<\/p>\n<p>Raspolo\u017eivost stroja smanjena je zbog \u010destih manjih kvarova i servisa, a time se smanjuje radno vrijeme stroja.Takav stroj predstavlja opasnost za proizvodnju jer mogu\u0107i kvar PLC ure\u0111aja ili nekog dijela upravlja\u010dkog sustava mo\u017ee stroj ili pogon zaustaviti na dulje vrijeme.<\/p>\n<p>Reautomatiziranje upravlja\u010dkog sustava daje stroju novu mladost. Kvalitetno izvedena reautomatizacija ugra\u0111uje kompletno novu senzoriku, elektri\u010dne ure\u0111aje, opremu upravlja\u010dkog ormara i upravlja\u010dki PLC i HMI s modernim rje\u0161enjima za koja se lako mo\u017ee dobiti podr\u0161ka u slu\u010daju potrebe.<\/p>\n<p>Takva investicija ima povrat kroz pove\u0107anje vremena raspolo\u017eivosti stroja za proizvodnju i pouzdanost koju pru\u017ea novi sustav.<\/p>","protected":false},"excerpt":{"rendered":"<p>U praksi \u010desto susre\u0107emo proizvodne strojeve koji su stari 20 ili vi\u0161e godina. Takvi strojevi obi\u010dno imaju mehaniku koja je i dalje savr\u0161eno funkcionalna, ali je upravljanje postalo nepouzdano. Elektri\u010dni sustav \u010desto ima sitnije kvarove. Ponekad ih je te\u0161ko otkloniti jer elektro-sheme vi\u0161e nisu a\u017eurne, a na stroju je ve\u0107 izvedena serija modifikacija. Kontroler je [&hellip;]<\/p>\n","protected":false},"author":3,"featured_media":0,"parent":2282,"menu_order":0,"comment_status":"closed","ping_status":"closed","template":"","meta":{"_genesis_hide_title":false,"_genesis_hide_breadcrumbs":false,"_genesis_hide_singular_image":false,"_genesis_hide_footer_widgets":false,"_genesis_custom_body_class":"","_genesis_custom_post_class":"","_genesis_layout":""},"_links":{"self":[{"href":"https:\/\/www.agenor.hr\/hr\/wp-json\/wp\/v2\/pages\/2302"}],"collection":[{"href":"https:\/\/www.agenor.hr\/hr\/wp-json\/wp\/v2\/pages"}],"about":[{"href":"https:\/\/www.agenor.hr\/hr\/wp-json\/wp\/v2\/types\/page"}],"author":[{"embeddable":true,"href":"https:\/\/www.agenor.hr\/hr\/wp-json\/wp\/v2\/users\/3"}],"replies":[{"embeddable":true,"href":"https:\/\/www.agenor.hr\/hr\/wp-json\/wp\/v2\/comments?post=2302"}],"version-history":[{"count":2,"href":"https:\/\/www.agenor.hr\/hr\/wp-json\/wp\/v2\/pages\/2302\/revisions"}],"predecessor-version":[{"id":2304,"href":"https:\/\/www.agenor.hr\/hr\/wp-json\/wp\/v2\/pages\/2302\/revisions\/2304"}],"up":[{"embeddable":true,"href":"https:\/\/www.agenor.hr\/hr\/wp-json\/wp\/v2\/pages\/2282"}],"wp:attachment":[{"href":"https:\/\/www.agenor.hr\/hr\/wp-json\/wp\/v2\/media?parent=2302"}],"curies":[{"name":"wp","href":"https:\/\/api.w.org\/{rel}","templated":true}]}}