{"id":2308,"date":"2019-06-28T16:02:20","date_gmt":"2019-06-28T14:02:20","guid":{"rendered":"https:\/\/www.agenor.hr\/?page_id=2308"},"modified":"2019-06-28T16:42:22","modified_gmt":"2019-06-28T14:42:22","slug":"racionalizacija-potrosnje-energije-da-li-mi-to-treba","status":"publish","type":"page","link":"https:\/\/www.agenor.hr\/hr\/pitanja-i-odgovori\/racionalizacija-potrosnje-energije-da-li-mi-to-treba\/","title":{"rendered":"Racionalizacija potro\u0161nje energije, da li mi to treba?"},"content":{"rendered":"<p><img loading=\"lazy\" class=\"alignnone size-full wp-image-598\" src=\"https:\/\/www.agenor.hr\/wp-content\/uploads\/2014\/06\/blog-rac-pot-energ.jpg\" alt=\"\" width=\"1024\" height=\"682\" srcset=\"https:\/\/www.agenor.hr\/wp-content\/uploads\/2014\/06\/blog-rac-pot-energ.jpg 1024w, https:\/\/www.agenor.hr\/wp-content\/uploads\/2014\/06\/blog-rac-pot-energ-300x200.jpg 300w\" sizes=\"(max-width: 1024px) 100vw, 1024px\" \/>Rastu\u0107a cijena energenata pove\u0107ala je svjesnost o potrebi kontrole i upravljanja tro\u0161enjem energenata. Ta je tema posebno nagla\u0161ena kod ve\u0107ih potro\u0161a\u010da i poslovnih sustava.<\/p>\n<p>Poku\u0161aj intervencije samo na jednom sustavu (npr. kotlovnici) \u010desto ne urodi \u017eeljenim u\u010dinkom jer nisu u obzir uzeti svi faktori (npr. uvjeti kori\u0161tenja, zadane temperature itd.).<\/p>\n<p>U takvim slu\u010dajevima mo\u017eete potra\u017eiti integralno rje\u0161enje koje integrira cijeli sustav ili zgradu u jedno energetsko rje\u0161enje s ciljem minimiziranja utro\u0161ka energenta kroz prikupljanje svih relevantnih informacija (otvorenost prozora, limitiranje zadane temperature, dnevni i no\u0107ni re\u017eim, kontrola vr\u0161ne snage,\u00a0 itd.).<\/p>\n<p>U takvim uvjetima posti\u017eu se u\u0161tede od oko 20%, \u0161to naravno ovisi o svakom pojedina\u010dnom slu\u010daju.<\/p>","protected":false},"excerpt":{"rendered":"<p>Rastu\u0107a cijena energenata pove\u0107ala je svjesnost o potrebi kontrole i upravljanja tro\u0161enjem energenata. Ta je tema posebno nagla\u0161ena kod ve\u0107ih potro\u0161a\u010da i poslovnih sustava. Poku\u0161aj intervencije samo na jednom sustavu (npr. kotlovnici) \u010desto ne urodi \u017eeljenim u\u010dinkom jer nisu u obzir uzeti svi faktori (npr. uvjeti kori\u0161tenja, zadane temperature itd.). U takvim slu\u010dajevima mo\u017eete potra\u017eiti [&hellip;]<\/p>\n","protected":false},"author":3,"featured_media":0,"parent":2282,"menu_order":0,"comment_status":"closed","ping_status":"closed","template":"","meta":{"_genesis_hide_title":false,"_genesis_hide_breadcrumbs":false,"_genesis_hide_singular_image":false,"_genesis_hide_footer_widgets":false,"_genesis_custom_body_class":"","_genesis_custom_post_class":"","_genesis_layout":""},"_links":{"self":[{"href":"https:\/\/www.agenor.hr\/hr\/wp-json\/wp\/v2\/pages\/2308"}],"collection":[{"href":"https:\/\/www.agenor.hr\/hr\/wp-json\/wp\/v2\/pages"}],"about":[{"href":"https:\/\/www.agenor.hr\/hr\/wp-json\/wp\/v2\/types\/page"}],"author":[{"embeddable":true,"href":"https:\/\/www.agenor.hr\/hr\/wp-json\/wp\/v2\/users\/3"}],"replies":[{"embeddable":true,"href":"https:\/\/www.agenor.hr\/hr\/wp-json\/wp\/v2\/comments?post=2308"}],"version-history":[{"count":1,"href":"https:\/\/www.agenor.hr\/hr\/wp-json\/wp\/v2\/pages\/2308\/revisions"}],"predecessor-version":[{"id":2309,"href":"https:\/\/www.agenor.hr\/hr\/wp-json\/wp\/v2\/pages\/2308\/revisions\/2309"}],"up":[{"embeddable":true,"href":"https:\/\/www.agenor.hr\/hr\/wp-json\/wp\/v2\/pages\/2282"}],"wp:attachment":[{"href":"https:\/\/www.agenor.hr\/hr\/wp-json\/wp\/v2\/media?parent=2308"}],"curies":[{"name":"wp","href":"https:\/\/api.w.org\/{rel}","templated":true}]}}