{"id":2310,"date":"2019-06-28T16:07:57","date_gmt":"2019-06-28T14:07:57","guid":{"rendered":"https:\/\/www.agenor.hr\/?page_id=2310"},"modified":"2019-06-28T16:45:36","modified_gmt":"2019-06-28T14:45:36","slug":"pametna-javna-rasvjeta-u-turistickim-mjestima","status":"publish","type":"page","link":"https:\/\/www.agenor.hr\/hr\/pitanja-i-odgovori\/pametna-javna-rasvjeta-u-turistickim-mjestima\/","title":{"rendered":"Pametna javna rasvjeta u turisti\u010dkim mjestima"},"content":{"rendered":"<p><img loading=\"lazy\" class=\"alignnone size-full wp-image-595\" src=\"https:\/\/www.agenor.hr\/wp-content\/uploads\/2014\/06\/blog-pametna-rasvjeta.jpg\" alt=\"\" width=\"1024\" height=\"682\" srcset=\"https:\/\/www.agenor.hr\/wp-content\/uploads\/2014\/06\/blog-pametna-rasvjeta.jpg 1024w, https:\/\/www.agenor.hr\/wp-content\/uploads\/2014\/06\/blog-pametna-rasvjeta-300x200.jpg 300w\" sizes=\"(max-width: 1024px) 100vw, 1024px\" \/><\/p>\n<p>Javna rasvjeta daje \u0161arm turisti\u010dkim mjestima na obali. Prekrasne \u0161etnice uz more ljeti su pune \u0161eta\u010da.\u00a0Ali \u0161to je s javnom rasvjetom zimi i izvan turisti\u010dke sezone?<\/p>\n<p>Visoki tro\u0161kovi dugih zimskih no\u0107i \u010desto gase javnu rasvjetu na \u0161etnicama.<\/p>\n<p>Sustavi pametne javne rasvjete mogu bitno pomo\u0107i u takvim slu\u010dajevima. Sustav paljenja rasvjete se izvodi s razli\u010ditim re\u017eimima paljenja. Tijekom trajanja sezone rasvjeta je u punom pogonu. Izvan sezone pali se samo dio rasvjete (npr. svako tre\u0107e rasvjetno tijelo) \u0161to omogu\u0107uje zadovoljavaju\u0107u razinu rasvjete i bitno manji pogonski tro\u0161ak.<\/p>\n<p>Upravljanje je pametno i vrlo lako se programira SMS-om ili putem interneta. Uo\u010di predsezonskih blagdana (primjerice Uskrsa ili Praznika rada), kada se o\u010dekuje pove\u0107ana posje\u0107enost turisti\u010dkih destinacija, rasvjeta se mo\u017ee podesiti da radi u punom pogonu.<\/p>","protected":false},"excerpt":{"rendered":"<p>Javna rasvjeta daje \u0161arm turisti\u010dkim mjestima na obali. Prekrasne \u0161etnice uz more ljeti su pune \u0161eta\u010da.\u00a0Ali \u0161to je s javnom rasvjetom zimi i izvan turisti\u010dke sezone? Visoki tro\u0161kovi dugih zimskih no\u0107i \u010desto gase javnu rasvjetu na \u0161etnicama. Sustavi pametne javne rasvjete mogu bitno pomo\u0107i u takvim slu\u010dajevima. Sustav paljenja rasvjete se izvodi s razli\u010ditim re\u017eimima [&hellip;]<\/p>\n","protected":false},"author":3,"featured_media":0,"parent":2282,"menu_order":0,"comment_status":"closed","ping_status":"closed","template":"","meta":{"_genesis_hide_title":false,"_genesis_hide_breadcrumbs":false,"_genesis_hide_singular_image":false,"_genesis_hide_footer_widgets":false,"_genesis_custom_body_class":"","_genesis_custom_post_class":"","_genesis_layout":""},"_links":{"self":[{"href":"https:\/\/www.agenor.hr\/hr\/wp-json\/wp\/v2\/pages\/2310"}],"collection":[{"href":"https:\/\/www.agenor.hr\/hr\/wp-json\/wp\/v2\/pages"}],"about":[{"href":"https:\/\/www.agenor.hr\/hr\/wp-json\/wp\/v2\/types\/page"}],"author":[{"embeddable":true,"href":"https:\/\/www.agenor.hr\/hr\/wp-json\/wp\/v2\/users\/3"}],"replies":[{"embeddable":true,"href":"https:\/\/www.agenor.hr\/hr\/wp-json\/wp\/v2\/comments?post=2310"}],"version-history":[{"count":2,"href":"https:\/\/www.agenor.hr\/hr\/wp-json\/wp\/v2\/pages\/2310\/revisions"}],"predecessor-version":[{"id":2329,"href":"https:\/\/www.agenor.hr\/hr\/wp-json\/wp\/v2\/pages\/2310\/revisions\/2329"}],"up":[{"embeddable":true,"href":"https:\/\/www.agenor.hr\/hr\/wp-json\/wp\/v2\/pages\/2282"}],"wp:attachment":[{"href":"https:\/\/www.agenor.hr\/hr\/wp-json\/wp\/v2\/media?parent=2310"}],"curies":[{"name":"wp","href":"https:\/\/api.w.org\/{rel}","templated":true}]}}