{"id":2312,"date":"2019-06-28T16:12:27","date_gmt":"2019-06-28T14:12:27","guid":{"rendered":"https:\/\/www.agenor.hr\/?page_id=2312"},"modified":"2019-06-28T16:42:00","modified_gmt":"2019-06-28T14:42:00","slug":"kako-napraviti-layout-pogona","status":"publish","type":"page","link":"https:\/\/www.agenor.hr\/hr\/pitanja-i-odgovori\/kako-napraviti-layout-pogona\/","title":{"rendered":"Kako napraviti layout pogona?"},"content":{"rendered":"<p><img loading=\"lazy\" class=\"alignnone size-full wp-image-592\" src=\"https:\/\/www.agenor.hr\/wp-content\/uploads\/2014\/06\/blog-pogon.jpg\" alt=\"\" width=\"1024\" height=\"682\" srcset=\"https:\/\/www.agenor.hr\/wp-content\/uploads\/2014\/06\/blog-pogon.jpg 1024w, https:\/\/www.agenor.hr\/wp-content\/uploads\/2014\/06\/blog-pogon-300x200.jpg 300w\" sizes=\"(max-width: 1024px) 100vw, 1024px\" \/>Prilikom \u0161irenja pogona, njegovog moderniziranja ili gra\u0111enja novog, bitno je u\u010dinkovito organizirati proizvodnju kako bi se minimizirali tro\u0161kovi. Bitan faktor je povr\u0161ina potrebna za proizvodne strojeve.<\/p>\n<p>Potrebno je uzeti u obzir faktore kao \u0161to su: proizvodni kapacitet, o\u010dekivani rast proizvodnog kapaciteta u periodu za koji se vr\u0161i analiza ili investicija, pristupnost pogona za dovoz sirovina, pristupnost pogona za odvoz proizvoda i nusproizvoda, uskla\u0111enost pristupa pogona sa pravilnicima relevantnih pravnih akata, ispravan tok materijala kako bi se izbjeglo suvi\u0161ni transporti po pognu. Tako\u0111er je bitno \u00a0planiranje ulaznog i izlaznog skladi\u0161ta koje treba biti uskla\u0111eno s rutom transportnog sredstva koje prolazi kroz pogon.<\/p>\n<p>Ukoliko uzmete sve faktore u obzir i provedete optimalno rje\u0161enje uz u\u0161tede u organizaciji, kadrovima i smanjenom \u0161kartu, mo\u017eete bitno u\u0161tedjeti i u gra\u0111evinskom dijelu pogona.<\/p>","protected":false},"excerpt":{"rendered":"<p>Prilikom \u0161irenja pogona, njegovog moderniziranja ili gra\u0111enja novog, bitno je u\u010dinkovito organizirati proizvodnju kako bi se minimizirali tro\u0161kovi. Bitan faktor je povr\u0161ina potrebna za proizvodne strojeve. Potrebno je uzeti u obzir faktore kao \u0161to su: proizvodni kapacitet, o\u010dekivani rast proizvodnog kapaciteta u periodu za koji se vr\u0161i analiza ili investicija, pristupnost pogona za dovoz sirovina, [&hellip;]<\/p>\n","protected":false},"author":3,"featured_media":0,"parent":2282,"menu_order":0,"comment_status":"closed","ping_status":"closed","template":"","meta":{"_genesis_hide_title":false,"_genesis_hide_breadcrumbs":false,"_genesis_hide_singular_image":false,"_genesis_hide_footer_widgets":false,"_genesis_custom_body_class":"","_genesis_custom_post_class":"","_genesis_layout":""},"_links":{"self":[{"href":"https:\/\/www.agenor.hr\/hr\/wp-json\/wp\/v2\/pages\/2312"}],"collection":[{"href":"https:\/\/www.agenor.hr\/hr\/wp-json\/wp\/v2\/pages"}],"about":[{"href":"https:\/\/www.agenor.hr\/hr\/wp-json\/wp\/v2\/types\/page"}],"author":[{"embeddable":true,"href":"https:\/\/www.agenor.hr\/hr\/wp-json\/wp\/v2\/users\/3"}],"replies":[{"embeddable":true,"href":"https:\/\/www.agenor.hr\/hr\/wp-json\/wp\/v2\/comments?post=2312"}],"version-history":[{"count":1,"href":"https:\/\/www.agenor.hr\/hr\/wp-json\/wp\/v2\/pages\/2312\/revisions"}],"predecessor-version":[{"id":2313,"href":"https:\/\/www.agenor.hr\/hr\/wp-json\/wp\/v2\/pages\/2312\/revisions\/2313"}],"up":[{"embeddable":true,"href":"https:\/\/www.agenor.hr\/hr\/wp-json\/wp\/v2\/pages\/2282"}],"wp:attachment":[{"href":"https:\/\/www.agenor.hr\/hr\/wp-json\/wp\/v2\/media?parent=2312"}],"curies":[{"name":"wp","href":"https:\/\/api.w.org\/{rel}","templated":true}]}}