{"id":2314,"date":"2019-06-28T16:16:47","date_gmt":"2019-06-28T14:16:47","guid":{"rendered":"https:\/\/www.agenor.hr\/?page_id=2314"},"modified":"2019-06-28T18:42:37","modified_gmt":"2019-06-28T16:42:37","slug":"kako-efikasno-organizirati-odrzavanje","status":"publish","type":"page","link":"https:\/\/www.agenor.hr\/hr\/pitanja-i-odgovori\/kako-efikasno-organizirati-odrzavanje\/","title":{"rendered":"Kako efikasno organizirati odr\u017eavanje?"},"content":{"rendered":"<p><img loading=\"lazy\" class=\"alignnone size-full wp-image-589\" src=\"https:\/\/www.agenor.hr\/wp-content\/uploads\/2014\/06\/blog-odrzavanje-bolja.jpg\" alt=\"\" width=\"1024\" height=\"682\" srcset=\"https:\/\/www.agenor.hr\/wp-content\/uploads\/2014\/06\/blog-odrzavanje-bolja.jpg 1024w, https:\/\/www.agenor.hr\/wp-content\/uploads\/2014\/06\/blog-odrzavanje-bolja-300x200.jpg 300w\" sizes=\"(max-width: 1024px) 100vw, 1024px\" \/>Dinamika proizvodnje name\u0107e visoke standarde na raspolo\u017eivost pogona za proizvodnju. Danas se o\u010dekuju raspolo\u017eivosti pogona od 95% vremena na vi\u0161e, ovisno o raznim industrijama. U isto vrijeme name\u0107u se uski okviri na raspolo\u017eivi bud\u017eet za odr\u017eavanje. U tom svjetlu name\u0107e se potreba racionalnog organiziranja odr\u017eavanja ve\u0107 prilikom same nabave.<\/p>\n<p>Kvalitetnom selekcijom opreme prilikom nabave minimizira se lista potrebnih rezervnih dijelova uvijek prisutnih u skladi\u0161tu. Npr. kod nabave novih strojeva bitno je pripaziti da se nabavlja standardni tip pneumatike, tip ventila, tip motora, upravlja\u010dki PLC, standardni HMI, upravlja\u010dka oprema u ormaru. Tada je jedan ure\u0111aj u skladi\u0161tu rezervnih dijelova ujedno rezervni dio za vi\u0161e linija ili strojeva odjednom.<\/p>\n<p>Ako se kadrovi iz odr\u017eavanja educiraju na te\u010dajevima za rad s odre\u0111enom opremom, oni postaju sposobni intervenirati u cijelom pogonu, a kvarovi i smetnje otklanjaju se mnogo br\u017ee.<\/p>\n<p>Kvalitetno odr\u017eavanje planira se ve\u0107 u fazi nabave stroja ili pogona.<\/p>","protected":false},"excerpt":{"rendered":"<p>Dinamika proizvodnje name\u0107e visoke standarde na raspolo\u017eivost pogona za proizvodnju. Danas se o\u010dekuju raspolo\u017eivosti pogona od 95% vremena na vi\u0161e, ovisno o raznim industrijama. U isto vrijeme name\u0107u se uski okviri na raspolo\u017eivi bud\u017eet za odr\u017eavanje. U tom svjetlu name\u0107e se potreba racionalnog organiziranja odr\u017eavanja ve\u0107 prilikom same nabave. Kvalitetnom selekcijom opreme prilikom nabave minimizira [&hellip;]<\/p>\n","protected":false},"author":3,"featured_media":0,"parent":2282,"menu_order":0,"comment_status":"closed","ping_status":"closed","template":"","meta":{"_genesis_hide_title":false,"_genesis_hide_breadcrumbs":false,"_genesis_hide_singular_image":false,"_genesis_hide_footer_widgets":false,"_genesis_custom_body_class":"","_genesis_custom_post_class":"","_genesis_layout":""},"_links":{"self":[{"href":"https:\/\/www.agenor.hr\/hr\/wp-json\/wp\/v2\/pages\/2314"}],"collection":[{"href":"https:\/\/www.agenor.hr\/hr\/wp-json\/wp\/v2\/pages"}],"about":[{"href":"https:\/\/www.agenor.hr\/hr\/wp-json\/wp\/v2\/types\/page"}],"author":[{"embeddable":true,"href":"https:\/\/www.agenor.hr\/hr\/wp-json\/wp\/v2\/users\/3"}],"replies":[{"embeddable":true,"href":"https:\/\/www.agenor.hr\/hr\/wp-json\/wp\/v2\/comments?post=2314"}],"version-history":[{"count":3,"href":"https:\/\/www.agenor.hr\/hr\/wp-json\/wp\/v2\/pages\/2314\/revisions"}],"predecessor-version":[{"id":2344,"href":"https:\/\/www.agenor.hr\/hr\/wp-json\/wp\/v2\/pages\/2314\/revisions\/2344"}],"up":[{"embeddable":true,"href":"https:\/\/www.agenor.hr\/hr\/wp-json\/wp\/v2\/pages\/2282"}],"wp:attachment":[{"href":"https:\/\/www.agenor.hr\/hr\/wp-json\/wp\/v2\/media?parent=2314"}],"curies":[{"name":"wp","href":"https:\/\/api.w.org\/{rel}","templated":true}]}}