{"id":2316,"date":"2019-06-28T16:18:39","date_gmt":"2019-06-28T14:18:39","guid":{"rendered":"https:\/\/www.agenor.hr\/?page_id=2316"},"modified":"2019-06-28T16:41:23","modified_gmt":"2019-06-28T14:41:23","slug":"da-li-su-programeri-iz-indije-stvarna-opasnost-programerima-iz-europe","status":"publish","type":"page","link":"https:\/\/www.agenor.hr\/hr\/pitanja-i-odgovori\/da-li-su-programeri-iz-indije-stvarna-opasnost-programerima-iz-europe\/","title":{"rendered":"Da li su programeri iz Indije stvarna opasnost programerima iz Europe?"},"content":{"rendered":"<p><img loading=\"lazy\" class=\"alignnone size-full wp-image-586\" src=\"https:\/\/www.agenor.hr\/wp-content\/uploads\/2014\/06\/blog-programeri.jpg\" alt=\"\" width=\"1024\" height=\"682\" srcset=\"https:\/\/www.agenor.hr\/wp-content\/uploads\/2014\/06\/blog-programeri.jpg 1024w, https:\/\/www.agenor.hr\/wp-content\/uploads\/2014\/06\/blog-programeri-300x200.jpg 300w\" sizes=\"(max-width: 1024px) 100vw, 1024px\" \/>Globalizacija na svjetskoj razini dovela je do situacije da mnoge tvrtke tra\u017ee financijski povoljnija rje\u0161enja u zemljama gdje odre\u0111ena usluga manje ko\u0161ta. U svijetu poslovne informatike, pa tako i industrijske automatizacije, posebno mjesto zauzimaju programeri iz Indije.<\/p>\n<p>Tijekom 80. i 90. godina procvjetao je IT-outsource u Indiji, uz svima vjerojatno poznati Bangalore koji slovi kao prijestolnica indijske IT industrije. Takvo stanje postavilo je izazove na europsku IT industriju uz pitanje kako zadr\u017eati konkurentnost.<\/p>\n<p>Europske tvrtke opstale su na tr\u017ei\u0161tu prvenstveno zahvaljuju\u0107i kvaliteti. Kod suradnje sa europskim tvrtkama postoje odre\u0111ene prednosti, kao npr. manje kulturolo\u0161ke razlike \u010dime se izbjegavaju problemi u komunikaciji, nema razlike u vremenskim zonama koja umanjuje priliku za komunikacijom (mi smo u uredu, a oni su ve\u0107 zavr\u0161ili s poslom, oni rade, a mi jo\u0161 nismo do\u0161li na posao), o\u010dekivana razina kvalitete obavljanja posla i spremnost na putovanja je ve\u0107a, birokratske prepreke za putovanja u tre\u0107e zemlje su manja i sli\u010dno.<\/p>\n<p>Kako je kroz razvoj ekonomije i dru\u0161tva cijena rada u tom dijelu svijeta porasla, uz navedene prednosti pove\u0107ana je konkurentnost europskih firmi. Posljednjih godina sve se vi\u0161e tvrtki vra\u0107a kori\u0161tenju programerskih usluga na doma\u0107em tr\u017ei\u0161tu.<\/p>","protected":false},"excerpt":{"rendered":"<p>Globalizacija na svjetskoj razini dovela je do situacije da mnoge tvrtke tra\u017ee financijski povoljnija rje\u0161enja u zemljama gdje odre\u0111ena usluga manje ko\u0161ta. U svijetu poslovne informatike, pa tako i industrijske automatizacije, posebno mjesto zauzimaju programeri iz Indije. Tijekom 80. i 90. godina procvjetao je IT-outsource u Indiji, uz svima vjerojatno poznati Bangalore koji slovi kao [&hellip;]<\/p>\n","protected":false},"author":3,"featured_media":0,"parent":2282,"menu_order":0,"comment_status":"closed","ping_status":"closed","template":"","meta":{"_genesis_hide_title":false,"_genesis_hide_breadcrumbs":false,"_genesis_hide_singular_image":false,"_genesis_hide_footer_widgets":false,"_genesis_custom_body_class":"","_genesis_custom_post_class":"","_genesis_layout":""},"_links":{"self":[{"href":"https:\/\/www.agenor.hr\/hr\/wp-json\/wp\/v2\/pages\/2316"}],"collection":[{"href":"https:\/\/www.agenor.hr\/hr\/wp-json\/wp\/v2\/pages"}],"about":[{"href":"https:\/\/www.agenor.hr\/hr\/wp-json\/wp\/v2\/types\/page"}],"author":[{"embeddable":true,"href":"https:\/\/www.agenor.hr\/hr\/wp-json\/wp\/v2\/users\/3"}],"replies":[{"embeddable":true,"href":"https:\/\/www.agenor.hr\/hr\/wp-json\/wp\/v2\/comments?post=2316"}],"version-history":[{"count":1,"href":"https:\/\/www.agenor.hr\/hr\/wp-json\/wp\/v2\/pages\/2316\/revisions"}],"predecessor-version":[{"id":2317,"href":"https:\/\/www.agenor.hr\/hr\/wp-json\/wp\/v2\/pages\/2316\/revisions\/2317"}],"up":[{"embeddable":true,"href":"https:\/\/www.agenor.hr\/hr\/wp-json\/wp\/v2\/pages\/2282"}],"wp:attachment":[{"href":"https:\/\/www.agenor.hr\/hr\/wp-json\/wp\/v2\/media?parent=2316"}],"curies":[{"name":"wp","href":"https:\/\/api.w.org\/{rel}","templated":true}]}}