{"id":2318,"date":"2019-06-28T16:20:58","date_gmt":"2019-06-28T14:20:58","guid":{"rendered":"https:\/\/www.agenor.hr\/?page_id=2318"},"modified":"2019-06-28T16:41:13","modified_gmt":"2019-06-28T14:41:13","slug":"da-li-je-robot-isplativo-rjesenje-za-moj-pogon","status":"publish","type":"page","link":"https:\/\/www.agenor.hr\/hr\/pitanja-i-odgovori\/da-li-je-robot-isplativo-rjesenje-za-moj-pogon\/","title":{"rendered":"Da li je robot isplativo rje\u0161enje za moj pogon?"},"content":{"rendered":"<p><img loading=\"lazy\" class=\"alignnone size-full wp-image-582\" src=\"https:\/\/www.agenor.hr\/wp-content\/uploads\/2014\/06\/blog-robot.jpg\" alt=\"\" width=\"1024\" height=\"682\" srcset=\"https:\/\/www.agenor.hr\/wp-content\/uploads\/2014\/06\/blog-robot.jpg 1024w, https:\/\/www.agenor.hr\/wp-content\/uploads\/2014\/06\/blog-robot-300x200.jpg 300w\" sizes=\"(max-width: 1024px) 100vw, 1024px\" \/>U suvremenoj industriji raste primjena robota u proizvodnim pogonima. Roboti su posebno prikladni za operacije koje su repetitivne ili opasne za \u010dovjeka. Zbog produktivnosti i konkurentnosti na europskom i svjetskom tr\u017ei\u0161tu sve je ve\u0107i broj aplikacija i na doma\u0107em tr\u017ei\u0161tu.<\/p>\n<p>Iako se robot \u010desto percipira kao ne\u0161to \u2018kompleksno\u2019 i \u2018tehnolo\u0161ki prenapredno\u2019 rje\u0161enje za koje \u010desto postoji mi\u0161ljenje \u2018nije to za moju tvrtku\u2019, robot se i financijski pokazuje kao isplativo rje\u0161enje.<\/p>\n<p>Roboti dana\u0161njih vode\u0107ih proizvo\u0111a\u010da (npr. Kuka) su vrlo pouzdani, kvare se jako rijetko i jednostavni su za parametriranje. Godine razvoja robotskih sustava dovele su do toga da se robotom upravlja s upravlja\u010dkog panela sli\u010dnom pokretnom operatorskom panelu sa kojega se mo\u017ee modificirati preprogramirana operacija ili unijeti nova operacija. Upravljanje je intuitivno i nakon provedenog treninga operater se mo\u017ee samostalno snalaziti u osnovnom radu sa robotom.<\/p>\n<p>Jedna od najve\u0107ih prednosti robota je isplativost, posebno u aplikacijama gdje se obavljaju repetitivne manualne operacije. Robot je raspolo\u017eiv za rad 365 dana u godini, uz jedan jedini servis, u tri smjene. Pri tome repetitivnost njegovog pokreta je izuzetno visoka \u010dime se prakti\u010dki eliminira \u0161kart na poziciji na kojoj robot radi.<\/p>\n<p>U slu\u010daju pogona koji rade u tri smjene pokazuje se da je instalacija robota koji vr\u0161i manualne operacije investicija s povratom od oko jedne godine. Naravno, to\u010dan povrat ovisi o konkretnom slu\u010daju i mogu\u0107e ga je relativno brzo izra\u010dunati nakon sagledavanja samog problema.<\/p>","protected":false},"excerpt":{"rendered":"<p>U suvremenoj industriji raste primjena robota u proizvodnim pogonima. Roboti su posebno prikladni za operacije koje su repetitivne ili opasne za \u010dovjeka. Zbog produktivnosti i konkurentnosti na europskom i svjetskom tr\u017ei\u0161tu sve je ve\u0107i broj aplikacija i na doma\u0107em tr\u017ei\u0161tu. Iako se robot \u010desto percipira kao ne\u0161to \u2018kompleksno\u2019 i \u2018tehnolo\u0161ki prenapredno\u2019 rje\u0161enje za koje \u010desto [&hellip;]<\/p>\n","protected":false},"author":3,"featured_media":0,"parent":2282,"menu_order":0,"comment_status":"closed","ping_status":"closed","template":"","meta":{"_genesis_hide_title":false,"_genesis_hide_breadcrumbs":false,"_genesis_hide_singular_image":false,"_genesis_hide_footer_widgets":false,"_genesis_custom_body_class":"","_genesis_custom_post_class":"","_genesis_layout":""},"_links":{"self":[{"href":"https:\/\/www.agenor.hr\/hr\/wp-json\/wp\/v2\/pages\/2318"}],"collection":[{"href":"https:\/\/www.agenor.hr\/hr\/wp-json\/wp\/v2\/pages"}],"about":[{"href":"https:\/\/www.agenor.hr\/hr\/wp-json\/wp\/v2\/types\/page"}],"author":[{"embeddable":true,"href":"https:\/\/www.agenor.hr\/hr\/wp-json\/wp\/v2\/users\/3"}],"replies":[{"embeddable":true,"href":"https:\/\/www.agenor.hr\/hr\/wp-json\/wp\/v2\/comments?post=2318"}],"version-history":[{"count":1,"href":"https:\/\/www.agenor.hr\/hr\/wp-json\/wp\/v2\/pages\/2318\/revisions"}],"predecessor-version":[{"id":2319,"href":"https:\/\/www.agenor.hr\/hr\/wp-json\/wp\/v2\/pages\/2318\/revisions\/2319"}],"up":[{"embeddable":true,"href":"https:\/\/www.agenor.hr\/hr\/wp-json\/wp\/v2\/pages\/2282"}],"wp:attachment":[{"href":"https:\/\/www.agenor.hr\/hr\/wp-json\/wp\/v2\/media?parent=2318"}],"curies":[{"name":"wp","href":"https:\/\/api.w.org\/{rel}","templated":true}]}}