{"id":2488,"date":"2021-11-29T09:44:27","date_gmt":"2021-11-29T08:44:27","guid":{"rendered":"https:\/\/www.agenor.hr\/?page_id=2488"},"modified":"2022-06-10T11:00:13","modified_gmt":"2022-06-10T09:00:13","slug":"training","status":"publish","type":"page","link":"https:\/\/www.agenor.hr\/hr\/training\/","title":{"rendered":"Agenor Niagara Trening Centar"},"content":{"rendered":"<p><a href=\"https:\/\/www.agenor.hr\/wp-content\/uploads\/2021\/11\/niagara_trening_centar.jpg\"><img loading=\"lazy\" class=\"alignnone wp-image-2491 size-full\" src=\"https:\/\/www.agenor.hr\/wp-content\/uploads\/2021\/11\/niagara_trening_centar.jpg\" alt=\"\" width=\"680\" height=\"450\" srcset=\"https:\/\/www.agenor.hr\/wp-content\/uploads\/2021\/11\/niagara_trening_centar.jpg 680w, https:\/\/www.agenor.hr\/wp-content\/uploads\/2021\/11\/niagara_trening_centar-300x200.jpg 300w\" sizes=\"(max-width: 680px) 100vw, 680px\" \/><\/a><br \/>\n<b>Agenor postaje regionalni Tridium Niagara trening centar. <\/span><\/b><b><span dir=\"ltr\">Trening centar \u0107e biti dio na\u0161eg zagreba\u010dkog ureda.<\/b><br \/>\n<!--more--><br \/>\nZadovoljstvo nam je najaviti da Agenor postaje regionalni Tridium Niagara trening centar.<br \/>\nTrening centar \u0107e biti dio na\u0161eg zagreba\u010dkog ureda gdje \u0107e se svi zainteresirani mo\u0107i upoznati i unaprijediti znanje o Niagari.<\/p>\n<p>Ukoliko \u017eelite znati vi\u0161e o Niagari, prisustvovati treningu te dobiti slu\u017ebeni certifikat nakon uspje\u0161no polo\u017eenog ispita,\u00a0 javite nam se u inbox putem &#8220;Contact&#8221; tipke u zaglavlju. Tako\u0111er javite nam se ako trebate vi\u0161e informacija.<br \/>\nMjesta se popunjavaju redoslijedom prijava.<\/p>\n<h6 id=\"treningcentar\">O trening centru<\/h6>\n<p>Agenor trening centar je uspostavljen sa ciljem pru\u017eanja usluga treninga za sustave automatizacije.<br \/>\nTrenutno centar nudi treninge za Niagara tehnologiju.<br \/>\nCentar mo\u017ee primiti od 7 do 10 polaznika te je opremljen opremom za teoretski i prakti\u010dni rad.<br \/>\nAdresa centra je Agenor automatika d.o.o. Bani 77, Buzin, HR-10000 Zagreb.<\/p>\n<h6 id=\"tehnologija\">O Tridium Niagara tehnologiji.<\/h6>\n<p>Tridium Niagara je softverska platforma za razvoj i implementaciju sustava automatizacije.<br \/>\nNiagara omogu\u0107uje povezivanje ure\u0111aja, kiberneti\u010dku sigurnost, upravljanje, prikupljanje i analizu podataka, nadzor, alarmiranje te web korisni\u010dko su\u010delje dostupno sa ra\u010dunala i mobilnih ure\u0111aja. Niagaru je mogu\u0107e implementirati na lokaciji ili kao rje\u0161enje u oblaku.<\/p>\n<h6 id=\"tecaj\">O Niagara TCP te\u010daju<\/h6>\n<p>Niagara Technical Certification Program trening je prva razina slu\u017ebenih Niagara treninga.<br \/>\nKroz trening polaznici u\u010de kako projekitrati, programirati i pu\u0161tati u pogon i koristiti sustave bazirane na Niagara tehnologiji.<br \/>\nTrening je kombinacija predavanja, primjera i prakti\u010dnih vje\u017ebi na opremi koja je pripremljena za svakog polaznika.<br \/>\nCertifikat se izdaje nakon uspje\u0161no polo\u017eenog ispita koji se odr\u017eava peti dan treninga.<\/p>","protected":false},"excerpt":{"rendered":"<p>Agenor postaje regionalni Tridium Niagara trening centar. Trening centar \u0107e biti dio na\u0161eg zagreba\u010dkog ureda.<\/p>\n","protected":false},"author":5,"featured_media":2494,"parent":0,"menu_order":0,"comment_status":"closed","ping_status":"closed","template":"","meta":{"_genesis_hide_title":false,"_genesis_hide_breadcrumbs":false,"_genesis_hide_singular_image":false,"_genesis_hide_footer_widgets":false,"_genesis_custom_body_class":"","_genesis_custom_post_class":"","_genesis_layout":""},"_links":{"self":[{"href":"https:\/\/www.agenor.hr\/hr\/wp-json\/wp\/v2\/pages\/2488"}],"collection":[{"href":"https:\/\/www.agenor.hr\/hr\/wp-json\/wp\/v2\/pages"}],"about":[{"href":"https:\/\/www.agenor.hr\/hr\/wp-json\/wp\/v2\/types\/page"}],"author":[{"embeddable":true,"href":"https:\/\/www.agenor.hr\/hr\/wp-json\/wp\/v2\/users\/5"}],"replies":[{"embeddable":true,"href":"https:\/\/www.agenor.hr\/hr\/wp-json\/wp\/v2\/comments?post=2488"}],"version-history":[{"count":12,"href":"https:\/\/www.agenor.hr\/hr\/wp-json\/wp\/v2\/pages\/2488\/revisions"}],"predecessor-version":[{"id":2510,"href":"https:\/\/www.agenor.hr\/hr\/wp-json\/wp\/v2\/pages\/2488\/revisions\/2510"}],"wp:featuredmedia":[{"embeddable":true,"href":"https:\/\/www.agenor.hr\/hr\/wp-json\/wp\/v2\/media\/2494"}],"wp:attachment":[{"href":"https:\/\/www.agenor.hr\/hr\/wp-json\/wp\/v2\/media?parent=2488"}],"curies":[{"name":"wp","href":"https:\/\/api.w.org\/{rel}","templated":true}]}}