{"id":483,"date":"2014-06-11T11:37:00","date_gmt":"2014-06-11T11:37:00","guid":{"rendered":"http:\/\/www.agenor.hr\/?page_id=483"},"modified":"2025-08-11T09:31:39","modified_gmt":"2025-08-11T07:31:39","slug":"about-us","status":"publish","type":"page","link":"https:\/\/www.agenor.hr\/hr\/about-us\/","title":{"rendered":"O nama"},"content":{"rendered":"<p><\/p>\n<p style=\"text-align: justify;\"><a href=\"http:\/\/www.agenor.hr\/wp-content\/uploads\/2014\/06\/slider-o-nama1.jpg\"><img loading=\"lazy\" class=\"alignnone size-large wp-image-623\" src=\"http:\/\/www.agenor.hr\/wp-content\/uploads\/2014\/06\/slider-o-nama1-1024x682.jpg\" alt=\"slider o nama\" width=\"1024\" height=\"682\" srcset=\"https:\/\/www.agenor.hr\/wp-content\/uploads\/2014\/06\/slider-o-nama1-1024x682.jpg 1024w, https:\/\/www.agenor.hr\/wp-content\/uploads\/2014\/06\/slider-o-nama1-300x200.jpg 300w\" sizes=\"(max-width: 1024px) 100vw, 1024px\" \/><\/a>Agenor automatika d.o.o. je specijalizirana tvrtka za automatizaciju u industriji i zgradarstvu.<\/p>\n<p style=\"text-align: justify;\">Poslujemo od 2001. godine. Danas tvrtka djeluje preko svojih ureda u Pore\u010du, Rijeci i Zagrebu. Zapo\u0161ljavamo preko 40 in\u017eenjera, koji svoje iskustvo i know-how ugra\u0111uju u svaki projekt. Posjedujemo brojne me\u0111unarodne reference na projektima izvedenim diljem svijeta.<\/p>\n<p style=\"text-align: justify;\">Projektima i zadacima pristupamo profesionalno i odgovorno, po\u0161tuju\u0107i zahtjeve klijenata i pru\u017eaju\u0107i im podr\u0161ku u svim fazama izvedbe, a sve u cilju pobolj\u0161anja klijentovog poslovnog procesa.<\/p>\n<p><\/p>","protected":false},"excerpt":{"rendered":"<p>Agenor automatika d.o.o. je specijalizirana tvrtka za automatizaciju u industriji i zgradarstvu, a poslujemo od 2001. godine.<\/p>\n","protected":false},"author":5,"featured_media":603,"parent":0,"menu_order":0,"comment_status":"open","ping_status":"open","template":"","meta":{"_genesis_hide_title":false,"_genesis_hide_breadcrumbs":false,"_genesis_hide_singular_image":false,"_genesis_hide_footer_widgets":false,"_genesis_custom_body_class":"","_genesis_custom_post_class":"","_genesis_layout":"content-sidebar"},"_links":{"self":[{"href":"https:\/\/www.agenor.hr\/hr\/wp-json\/wp\/v2\/pages\/483"}],"collection":[{"href":"https:\/\/www.agenor.hr\/hr\/wp-json\/wp\/v2\/pages"}],"about":[{"href":"https:\/\/www.agenor.hr\/hr\/wp-json\/wp\/v2\/types\/page"}],"author":[{"embeddable":true,"href":"https:\/\/www.agenor.hr\/hr\/wp-json\/wp\/v2\/users\/5"}],"replies":[{"embeddable":true,"href":"https:\/\/www.agenor.hr\/hr\/wp-json\/wp\/v2\/comments?post=483"}],"version-history":[{"count":15,"href":"https:\/\/www.agenor.hr\/hr\/wp-json\/wp\/v2\/pages\/483\/revisions"}],"predecessor-version":[{"id":2516,"href":"https:\/\/www.agenor.hr\/hr\/wp-json\/wp\/v2\/pages\/483\/revisions\/2516"}],"wp:featuredmedia":[{"embeddable":true,"href":"https:\/\/www.agenor.hr\/hr\/wp-json\/wp\/v2\/media\/603"}],"wp:attachment":[{"href":"https:\/\/www.agenor.hr\/hr\/wp-json\/wp\/v2\/media?parent=483"}],"curies":[{"name":"wp","href":"https:\/\/api.w.org\/{rel}","templated":true}]}}