{"id":489,"date":"2014-06-11T12:08:49","date_gmt":"2014-06-11T12:08:49","guid":{"rendered":"http:\/\/www.agenor.hr\/?page_id=489"},"modified":"2014-09-12T12:11:35","modified_gmt":"2014-09-12T12:11:35","slug":"application","status":"publish","type":"page","link":"https:\/\/www.agenor.hr\/hr\/application\/","title":{"rendered":"Industrije"},"content":{"rendered":"<p><\/p>\n<p style=\"text-align: justify;\"><a href=\"http:\/\/www.agenor.hr\/wp-content\/uploads\/2014\/06\/slider-primjena-best1.jpg\"><img loading=\"lazy\" class=\"alignnone size-large wp-image-609\" alt=\"slider primjena best\" src=\"http:\/\/www.agenor.hr\/wp-content\/uploads\/2014\/06\/slider-primjena-best1-1024x682.jpg\" width=\"1024\" height=\"682\" srcset=\"https:\/\/www.agenor.hr\/wp-content\/uploads\/2014\/06\/slider-primjena-best1-1024x682.jpg 1024w, https:\/\/www.agenor.hr\/wp-content\/uploads\/2014\/06\/slider-primjena-best1-300x200.jpg 300w\" sizes=\"(max-width: 1024px) 100vw, 1024px\" \/><\/a>Na\u0161e iskustvo temeljeno je na rje\u0161enjima izvedenim u raznim poslovnim i industrijskim granama:<\/p>\n<p style=\"text-align: justify;\" id=\"celik\"><b>Industrija \u010delika<\/b><\/p>\n<p style=\"text-align: justify;\">U industriji \u010delika prisutni smo od samog osnutka Agenora. Nizom projekata i konstantnom suradnjom s jednim od vode\u0107ih svjetskih proizvo\u0111a\u010da pogona za kontinuirano lijevanje \u010delika stekli smo bogato iskustvo rada u \u010deli\u010danama. Do sad smo izveli oko stotinu projekata u industriji \u010delika. U \u017deljezari Sisak izveli smo projekte reautomatizacije pojedinih dijelova proizvodnje.<\/p>\n<p style=\"text-align: justify;\"  id=\"duhan\"><b>Industrija obrade duhana<\/b><\/p>\n<p style=\"text-align: justify;\">Obrada duhana jedna je od industrija u kojoj je Agenor najdulje prisutan. Od samog smo po\u010detka uspostavili kontinuiranu suradnju s jednim od vode\u0107ih svjetskih proizvo\u0111a\u010da proizvodnih linija za duhansku industriju. Kroz niz realiziranih projekata stekli smo potpuno poznavanja procesa primarne obrade duhana od svog izvornog oblika do kona\u010dne smjese kojom se puni cigareta. Tijekom suradnje izveli smo vi\u0161e stotina projekata u duhanskoj industriji.<\/p>\n<p style=\"text-align: justify;\" id=\"punionice\"><b>Punionice<\/b><\/p>\n<p style=\"text-align: justify;\">Suradnja s vode\u0107im svjetskim proizvo\u0111a\u010dima opreme za punjenje i pakiranje pi\u0107a unaprijedila je na\u0161e poslovno iskustvo u industriji punjenja pi\u0107a. Izradili smo projekte u svim segmentima punionica, a posebno iskustvo imamo u transportnim tehnologijama.<\/p>\n<p style=\"text-align: justify;\" id=\"solarna\"><b><\/b><b>Solarna tehnologija<\/b><\/p>\n<p style=\"text-align: justify;\">Za hrvatskog proizvo\u0111a\u010da fotonaponskih modula Solaris proizveli smo i isporu\u010dili transportnu liniju pred-laminacije, transportnu liniju post-laminacije i stroj za uokvirivanje solarnih modula izveden kao prototip.<\/p>\n<p style=\"text-align: justify;\" id=\"automobilska\"><b>Automobilska industrija<\/b><\/p>\n<p style=\"text-align: justify;\">Na\u0161e poslovno iskustvo u automobilskoj industriji fokusirano je na pogone sklapanja i lakiranja automobila. Sura\u0111ujemo s renomiranim svjetskim tvrtkama.<\/p>\n<p style=\"text-align: justify;\" id=\"prehrambena\"><b>Prehrambena industrija<\/b><\/p>\n<p style=\"text-align: justify;\">Za razne proizvo\u0111a\u010de opreme za prehrambenu industriju odradili smo vi\u0161e desetaka projekata u prehrambenoj industriji.<\/p>\n<p style=\"text-align: justify;\" id=\"zgradarstvo\"><b>Zgradarstvo<\/b><\/p>\n<p style=\"text-align: justify;\">Imamo iskustvo u projektiranju elektrotehni\u010dkih sustava za poslovne zgrade, hotele i objekte specijalne namjene. Posebno je zna\u010dajno na\u0161e iskustvo u izradi elektrotehni\u010dkih projekata za hotelske bazenske sustave s vi\u0161e desetaka izvedenih projekata. Tako\u0111er, izradili smo elektrotehni\u010dki projekt i izveli nadzor radova na zabavnom vodenom parku Istralandia.<\/p>\n<p style=\"text-align: justify;\" id=\"upravljanje\"><b>Upravljanje energijom u zgradarskim sustavima<\/b><\/p>\n<p style=\"text-align: justify;\">Imamo iskustvo u integraciji sustava za upravljanje potro\u0161njom energije u poslovnim zgradama. Izvedeni sustavi su doveli do u\u0161tede energenata i povrata investicije u skladu s po\u010detnim o\u010dekivanjima.<\/p>\n<p style=\"text-align: justify;\" id=\"inteligentne\"><b>Sustavi inteligentnih zgrada<\/b><\/p>\n<p style=\"text-align: justify;\">Do sada smo izveli dvadesetak sustava pametnih ku\u0107a. Sustavi su izvedeni kori\u0161tenjem raznih tehnologija, a zna\u010dajno iskustvo imamo u kori\u0161tenju najra\u0161irenijeg svjetskog standarda KNX.<\/p>\n<p><\/p>","protected":false},"excerpt":{"rendered":"<p>Agenor automatika svoja rje\u0161enja, znanje i iskustvo ste\u010deno u radu na projektima \u0161irom svijeta primjenjuje u nizu tehnologija.<\/p>\n","protected":false},"author":5,"featured_media":604,"parent":0,"menu_order":0,"comment_status":"open","ping_status":"open","template":"","meta":{"_genesis_hide_title":false,"_genesis_hide_breadcrumbs":false,"_genesis_hide_singular_image":false,"_genesis_hide_footer_widgets":false,"_genesis_custom_body_class":"","_genesis_custom_post_class":"","_genesis_layout":""},"_links":{"self":[{"href":"https:\/\/www.agenor.hr\/hr\/wp-json\/wp\/v2\/pages\/489"}],"collection":[{"href":"https:\/\/www.agenor.hr\/hr\/wp-json\/wp\/v2\/pages"}],"about":[{"href":"https:\/\/www.agenor.hr\/hr\/wp-json\/wp\/v2\/types\/page"}],"author":[{"embeddable":true,"href":"https:\/\/www.agenor.hr\/hr\/wp-json\/wp\/v2\/users\/5"}],"replies":[{"embeddable":true,"href":"https:\/\/www.agenor.hr\/hr\/wp-json\/wp\/v2\/comments?post=489"}],"version-history":[{"count":17,"href":"https:\/\/www.agenor.hr\/hr\/wp-json\/wp\/v2\/pages\/489\/revisions"}],"predecessor-version":[{"id":808,"href":"https:\/\/www.agenor.hr\/hr\/wp-json\/wp\/v2\/pages\/489\/revisions\/808"}],"wp:featuredmedia":[{"embeddable":true,"href":"https:\/\/www.agenor.hr\/hr\/wp-json\/wp\/v2\/media\/604"}],"wp:attachment":[{"href":"https:\/\/www.agenor.hr\/hr\/wp-json\/wp\/v2\/media?parent=489"}],"curies":[{"name":"wp","href":"https:\/\/api.w.org\/{rel}","templated":true}]}}