{"id":509,"date":"2014-06-12T10:01:35","date_gmt":"2014-06-12T10:01:35","guid":{"rendered":"http:\/\/www.agenor.hr\/?page_id=509"},"modified":"2015-11-25T23:49:14","modified_gmt":"2015-11-25T22:49:14","slug":"service-1","status":"publish","type":"page","link":"https:\/\/www.agenor.hr\/hr\/service-1\/","title":{"rendered":"Automatizacija po sistemu  &#8216;klju\u010d u ruke'"},"content":{"rendered":"<p><\/p>\n<p style=\"text-align: justify;\"><a href=\"http:\/\/www.agenor.hr\/wp-content\/uploads\/2014\/06\/page-rjesenje-kljuc-u-ruke.jpg\"><img loading=\"lazy\" class=\"alignnone size-full wp-image-611\" src=\"http:\/\/www.agenor.hr\/wp-content\/uploads\/2014\/06\/page-rjesenje-kljuc-u-ruke.jpg\" alt=\"page-rjesenje-kljuc-u-ruke\" width=\"1024\" height=\"682\" srcset=\"https:\/\/www.agenor.hr\/wp-content\/uploads\/2014\/06\/page-rjesenje-kljuc-u-ruke.jpg 1024w, https:\/\/www.agenor.hr\/wp-content\/uploads\/2014\/06\/page-rjesenje-kljuc-u-ruke-300x200.jpg 300w\" sizes=\"(max-width: 1024px) 100vw, 1024px\" \/><\/a>Na\u0161a rje\u0161enja uklju\u010duju:<\/p>\n<ul style=\"text-align: justify;\">\n<li>projektiranje u skladu s relevantnim tehni\u010dkim normama<\/li>\n<li>nabavu opreme i izradu upravlja\u010dkih ormara<\/li>\n<li>monta\u017eu<\/li>\n<li>pu\u0161tanje u pogon<\/li>\n<li>edukaciju<\/li>\n<li>podr\u0161ku.<\/li>\n<\/ul>\n<p style=\"text-align: justify;\">Uz rje\u0161enje predajemo potpunu projektnu i tehni\u010dku dokumentaciju, uputstva za rad i osiguravamo \u0161kolovanje operatera.\u00a0Rje\u0161enja su ra\u0111ena po mjeri za svaki konkretan slu\u010daj.<\/p>\n<p style=\"text-align: justify;\">Koristimo opremu renomiranih svjetskih proizvo\u0111a\u010da (kao npr. Schneider Electric, ABB, Siemens, Beckhoff, Wago, Festo, i drugi), a upravlja\u010dke ormare isporu\u010dujemo s potrebnim certifikatima.<\/p>\n<p style=\"text-align: justify;\">Opseg projekata koji pokrivamo je vrlo \u0161irok: od osnovne automatizacije jednostavnog stroja ili sustava s bazi\u010dnim upravljanjem, preko kompleksnijih sustava upravljanih PLC ure\u0111ajima i HMI operatorskim panelima, do kompleksnih distribuiranih sustava s vi\u0161e upravlja\u010dkih ure\u0111aja u me\u0111usobnoj komunikaciji s distribuiranom mre\u017eom perifernih jedinica i vi\u0161e upravlja\u010dkih su\u010delja i centralnim SCADA sustavom koji je mogu\u0107e vezati na vi\u0161e razine sustava za upravljanje proizvodnim procesima.<\/p>\n<p style=\"text-align: justify;\">Kontaktirajte nas, a mi \u0107emo prou\u010diti va\u0161 specifi\u010dan problem i ponuditi najbolju soluciju temeljenu na iskustvu na\u0161ih in\u017eenjera i na\u0161em tehni\u010dkom znanju. U kreiranju rje\u0161enja u na\u0161 \u0107emo tim uvrstiti stru\u010dnjake svih potrebnih grana za realizaciju projekta, kako bismo vam ponudili najprikladnije rje\u0161enje.<\/p>\n<p><\/p>","protected":false},"excerpt":{"rendered":"<p>Na\u0161a rje\u0161enja uklju\u010duju: projektiranje u skladu s relevantnim tehni\u010dkim normama nabavu opreme i izradu upravlja\u010dkih ormara monta\u017eu pu\u0161tanje u pogon edukaciju podr\u0161ku. Uz rje\u0161enje predajemo potpunu projektnu i tehni\u010dku dokumentaciju, uputstva za rad i osiguravamo \u0161kolovanje operatera.\u00a0Rje\u0161enja su ra\u0111ena po mjeri za svaki konkretan slu\u010daj. Koristimo opremu renomiranih svjetskih proizvo\u0111a\u010da (kao npr. Schneider Electric, ABB, [&hellip;]<\/p>\n","protected":false},"author":5,"featured_media":0,"parent":0,"menu_order":0,"comment_status":"open","ping_status":"open","template":"","meta":{"_genesis_hide_title":false,"_genesis_hide_breadcrumbs":false,"_genesis_hide_singular_image":false,"_genesis_hide_footer_widgets":false,"_genesis_custom_body_class":"","_genesis_custom_post_class":"","_genesis_layout":"content-sidebar"},"_links":{"self":[{"href":"https:\/\/www.agenor.hr\/hr\/wp-json\/wp\/v2\/pages\/509"}],"collection":[{"href":"https:\/\/www.agenor.hr\/hr\/wp-json\/wp\/v2\/pages"}],"about":[{"href":"https:\/\/www.agenor.hr\/hr\/wp-json\/wp\/v2\/types\/page"}],"author":[{"embeddable":true,"href":"https:\/\/www.agenor.hr\/hr\/wp-json\/wp\/v2\/users\/5"}],"replies":[{"embeddable":true,"href":"https:\/\/www.agenor.hr\/hr\/wp-json\/wp\/v2\/comments?post=509"}],"version-history":[{"count":22,"href":"https:\/\/www.agenor.hr\/hr\/wp-json\/wp\/v2\/pages\/509\/revisions"}],"predecessor-version":[{"id":2227,"href":"https:\/\/www.agenor.hr\/hr\/wp-json\/wp\/v2\/pages\/509\/revisions\/2227"}],"wp:attachment":[{"href":"https:\/\/www.agenor.hr\/hr\/wp-json\/wp\/v2\/media?parent=509"}],"curies":[{"name":"wp","href":"https:\/\/api.w.org\/{rel}","templated":true}]}}