{"id":511,"date":"2014-06-12T10:02:05","date_gmt":"2014-06-12T10:02:05","guid":{"rendered":"http:\/\/www.agenor.hr\/?page_id=511"},"modified":"2014-09-09T08:54:15","modified_gmt":"2014-09-09T08:54:15","slug":"service-2","status":"publish","type":"page","link":"https:\/\/www.agenor.hr\/hr\/service-2\/","title":{"rendered":"Reautomatizacija"},"content":{"rendered":"<p><\/p>\n<p style=\"text-align: justify;\"><a href=\"http:\/\/www.agenor.hr\/wp-content\/uploads\/2014\/06\/page-rjesenje-reaut.jpg\"><img loading=\"lazy\" class=\"alignnone size-full wp-image-615\" alt=\"page-rjesenje-reaut\" src=\"http:\/\/www.agenor.hr\/wp-content\/uploads\/2014\/06\/page-rjesenje-reaut.jpg\" width=\"1024\" height=\"682\" srcset=\"https:\/\/www.agenor.hr\/wp-content\/uploads\/2014\/06\/page-rjesenje-reaut.jpg 1024w, https:\/\/www.agenor.hr\/wp-content\/uploads\/2014\/06\/page-rjesenje-reaut-300x200.jpg 300w\" sizes=\"(max-width: 1024px) 100vw, 1024px\" \/><\/a>U podru\u010dju reautomatizacije ili modernizacije dotrajalih upravlja\u010dkih sustava, nudimo rje\u0161enja koja uklju\u010duju:<\/p>\n<p style=\"text-align: justify;\">\n<ul style=\"text-align: justify;\">\n<li>snimanje situacije<\/li>\n<li>definiranje projekta u suradnji s klijentom<\/li>\n<li>projektiranje<\/li>\n<li>izradu upravlja\u010dkih ormara<\/li>\n<li>monta\u017eu i kabliranje<\/li>\n<li>pu\u0161tanje u pogon<\/li>\n<li>\u0161kolovanje i podr\u0161ku.<\/li>\n<\/ul>\n<p style=\"text-align: justify;\">\n<p style=\"text-align: justify;\">Sva se rje\u0161enja izra\u0111uju po mjeri i svaki projekt je prilago\u0111en va\u0161im potrebama. Projekt uklju\u010duje zamjenu dotrajale upravlja\u010dke elektronike, senzorike i instrumentarija.<\/p>\n<p style=\"text-align: justify;\">\n<p style=\"text-align: justify;\">Reautomatizacija se izvodi na na\u010din da sustav zadr\u017eava svoju funkcionalnost. U rekonstruirani sustav ugra\u0111ujemo opremu renomiranih proizvo\u0111a\u010da (kao npr. Schneider Electric, ABB, Siemens, Beckhoff, Wago, Festo, i drugi), a upravlja\u010dke ormare izra\u0111ujemo pridr\u017eavaju\u0107i se svih relevantnih normi i uz isporuku potrebnih certifikata.<\/p>\n<p style=\"text-align: justify;\">\n<p style=\"text-align: justify;\">Uz postoje\u0107e funkcije postoji i mogu\u0107nost implementacije novih funkcija sustava, boljeg i naprednijeg pra\u0107enja proizvodnje, izrade naprednije analitike vezane uz proizvodnju, izvje\u0161\u0107ivanje o performansama sustava i povezivanja s poslovnim softverima.<\/p>\n<p style=\"text-align: justify;\">\n<p>&nbsp;<\/p>\n<p style=\"text-align: justify;\">\n<p><\/p>","protected":false},"excerpt":{"rendered":"<p>U podru\u010dju reautomatizacije ili modernizacije dotrajalih upravlja\u010dkih sustava, nudimo rje\u0161enja koja uklju\u010duju: snimanje situacije definiranje projekta u suradnji s klijentom projektiranje izradu upravlja\u010dkih ormara monta\u017eu i kabliranje pu\u0161tanje u pogon \u0161kolovanje i podr\u0161ku. Sva se rje\u0161enja izra\u0111uju po mjeri i svaki projekt je prilago\u0111en va\u0161im potrebama. Projekt uklju\u010duje zamjenu dotrajale upravlja\u010dke elektronike, senzorike i instrumentarija. [&hellip;]<\/p>\n","protected":false},"author":5,"featured_media":0,"parent":0,"menu_order":0,"comment_status":"open","ping_status":"open","template":"","meta":{"_genesis_hide_title":false,"_genesis_hide_breadcrumbs":false,"_genesis_hide_singular_image":false,"_genesis_hide_footer_widgets":false,"_genesis_custom_body_class":"","_genesis_custom_post_class":"","_genesis_layout":""},"_links":{"self":[{"href":"https:\/\/www.agenor.hr\/hr\/wp-json\/wp\/v2\/pages\/511"}],"collection":[{"href":"https:\/\/www.agenor.hr\/hr\/wp-json\/wp\/v2\/pages"}],"about":[{"href":"https:\/\/www.agenor.hr\/hr\/wp-json\/wp\/v2\/types\/page"}],"author":[{"embeddable":true,"href":"https:\/\/www.agenor.hr\/hr\/wp-json\/wp\/v2\/users\/5"}],"replies":[{"embeddable":true,"href":"https:\/\/www.agenor.hr\/hr\/wp-json\/wp\/v2\/comments?post=511"}],"version-history":[{"count":12,"href":"https:\/\/www.agenor.hr\/hr\/wp-json\/wp\/v2\/pages\/511\/revisions"}],"predecessor-version":[{"id":775,"href":"https:\/\/www.agenor.hr\/hr\/wp-json\/wp\/v2\/pages\/511\/revisions\/775"}],"wp:attachment":[{"href":"https:\/\/www.agenor.hr\/hr\/wp-json\/wp\/v2\/media?parent=511"}],"curies":[{"name":"wp","href":"https:\/\/api.w.org\/{rel}","templated":true}]}}