{"id":563,"date":"2014-06-18T12:18:45","date_gmt":"2014-06-18T12:18:45","guid":{"rendered":"http:\/\/www.agenor.hr\/?page_id=563"},"modified":"2014-09-09T08:52:07","modified_gmt":"2014-09-09T08:52:07","slug":"projektiranje-elekrotehnickih-sustava","status":"publish","type":"page","link":"https:\/\/www.agenor.hr\/hr\/projektiranje-elekrotehnickih-sustava\/","title":{"rendered":"Projektiranje elektrotehni\u010dkih sustava"},"content":{"rendered":"<p><\/p>\n<p style=\"text-align: justify;\"><a href=\"http:\/\/www.agenor.hr\/wp-content\/uploads\/2014\/06\/page-rjesenja-projektiranje-el-teh-sustava.jpg\"><img loading=\"lazy\" class=\"alignnone size-full wp-image-613\" alt=\"page-rjesenja-projektiranje-el-teh-sustava\" src=\"http:\/\/www.agenor.hr\/wp-content\/uploads\/2014\/06\/page-rjesenja-projektiranje-el-teh-sustava.jpg\" width=\"1024\" height=\"682\" srcset=\"https:\/\/www.agenor.hr\/wp-content\/uploads\/2014\/06\/page-rjesenja-projektiranje-el-teh-sustava.jpg 1024w, https:\/\/www.agenor.hr\/wp-content\/uploads\/2014\/06\/page-rjesenja-projektiranje-el-teh-sustava-300x200.jpg 300w\" sizes=\"(max-width: 1024px) 100vw, 1024px\" \/><\/a>Projektiramo elektrotehni\u010dke sustave za:<\/p>\n<p style=\"text-align: justify;\">\n<ul style=\"text-align: justify;\">\n<li>zgradarske projekte s ovjerom ovla\u0161tenih in\u017eenjera<\/li>\n<li>elektrotehni\u010dke projekte za upravljanje procesima i pogonima<\/li>\n<li>sustave tehni\u010dke za\u0161tite s ovjerom osobe licencirane za projektiranje sustava tehni\u010dke za\u0161tite.<\/li>\n<\/ul>\n<p style=\"text-align: justify;\">\n<p style=\"text-align: justify;\">Projekte izvodimo u skladu s:<\/p>\n<p style=\"text-align: justify;\">\n<ul style=\"text-align: justify;\">\n<li>va\u017ee\u0107im zakonima i propisima<\/li>\n<li>me\u0111unarodnim standardima u projektiranju<\/li>\n<li>pravilima struke<\/li>\n<li>nacionalnim standardima zemlje korisnika projekta ili zemlje isporuke opreme.<\/li>\n<\/ul>\n<p style=\"text-align: justify;\">\n<p style=\"text-align: justify;\">Pokrivamo rje\u0161enja od elektrotehni\u010dkih projekata u zgradarstvu do projektiranja u industriji.\u00a0U zgradarstvu izra\u0111ujemo projekte od rezidencijalnih projekata do sustava koji se izvode u poslovnim ili javnim objektima. Pokrivamo sve potrebe projektiranja na niskonaponskim postrojenjima i razvodima.<\/p>\n<p style=\"text-align: justify;\">\n<p style=\"text-align: justify;\">Kod zgradarstva posebno nagla\u0161avamo projektiranje objekata tipa \u2018pametnih ku\u0107a\u2019 i projektiranje sustava nadzora i upravljanja potro\u0161njom energije.<\/p>\n<p style=\"text-align: justify;\">\n<p style=\"text-align: justify;\">Kod industrijskih projekata projektiramo sustave s razvodnim ormarima, razdjelnicima, elektri\u010dnom opremom u polju, kabelskim razvodom, ormare sa upravlja\u010dkim PLC kontrolerima, motorska upravljanja, distribuirane upravlja\u010dke sustave i nadzorne sustave.<\/p>\n<p style=\"text-align: justify;\">\n<p style=\"text-align: justify;\">Projektiranje izvodimo u skladu sa svim relevantnim normama i u skladu sa zahtjevima klijenta koriste\u0107i moderne CAD alate (ePlan i ostale vode\u0107e CAD alate).<\/p>\n<p style=\"text-align: justify;\">\n<p>&nbsp;<\/p>\n<p style=\"text-align: justify;\">\n<p><\/p>","protected":false},"excerpt":{"rendered":"<p>Projektiramo elektrotehni\u010dke sustave za: zgradarske projekte s ovjerom ovla\u0161tenih in\u017eenjera elektrotehni\u010dke projekte za upravljanje procesima i pogonima sustave tehni\u010dke za\u0161tite s ovjerom osobe licencirane za projektiranje sustava tehni\u010dke za\u0161tite. Projekte izvodimo u skladu s: va\u017ee\u0107im zakonima i propisima me\u0111unarodnim standardima u projektiranju pravilima struke nacionalnim standardima zemlje korisnika projekta ili zemlje isporuke opreme. Pokrivamo rje\u0161enja [&hellip;]<\/p>\n","protected":false},"author":5,"featured_media":0,"parent":0,"menu_order":0,"comment_status":"open","ping_status":"open","template":"","meta":{"_genesis_hide_title":false,"_genesis_hide_breadcrumbs":false,"_genesis_hide_singular_image":false,"_genesis_hide_footer_widgets":false,"_genesis_custom_body_class":"","_genesis_custom_post_class":"","_genesis_layout":""},"_links":{"self":[{"href":"https:\/\/www.agenor.hr\/hr\/wp-json\/wp\/v2\/pages\/563"}],"collection":[{"href":"https:\/\/www.agenor.hr\/hr\/wp-json\/wp\/v2\/pages"}],"about":[{"href":"https:\/\/www.agenor.hr\/hr\/wp-json\/wp\/v2\/types\/page"}],"author":[{"embeddable":true,"href":"https:\/\/www.agenor.hr\/hr\/wp-json\/wp\/v2\/users\/5"}],"replies":[{"embeddable":true,"href":"https:\/\/www.agenor.hr\/hr\/wp-json\/wp\/v2\/comments?post=563"}],"version-history":[{"count":11,"href":"https:\/\/www.agenor.hr\/hr\/wp-json\/wp\/v2\/pages\/563\/revisions"}],"predecessor-version":[{"id":774,"href":"https:\/\/www.agenor.hr\/hr\/wp-json\/wp\/v2\/pages\/563\/revisions\/774"}],"wp:attachment":[{"href":"https:\/\/www.agenor.hr\/hr\/wp-json\/wp\/v2\/media?parent=563"}],"curies":[{"name":"wp","href":"https:\/\/api.w.org\/{rel}","templated":true}]}}