{"id":635,"date":"2014-07-09T09:33:17","date_gmt":"2014-07-09T09:33:17","guid":{"rendered":"http:\/\/www.agenor.hr\/?page_id=635"},"modified":"2014-09-02T12:34:39","modified_gmt":"2014-09-02T12:34:39","slug":"uvjeti-koristenja","status":"publish","type":"page","link":"https:\/\/www.agenor.hr\/hr\/uvjeti-koristenja\/","title":{"rendered":"Uvjeti kori\u0161tenja"},"content":{"rendered":"<p><\/p>\n<p style=\"text-align: justify;\">Dobrodo\u0161li na Internet stranicu www.agenor.hr u vlasni\u0161tvu tvrtke Agenor automatika d.o.o. Pore\u010d. Ova stranica pru\u017ea op\u0107e informacije o tvrtki Agenor automatika d.o.o. i uslugama koje ona isporu\u010duje. Stranicom se mo\u017eete slu\u017eiti isklju\u010divo pod uvjetom prihva\u0107anja ovih uvjeta kori\u0161tenja.<\/p>\n<p style=\"text-align: justify;\"><strong>Prihva\u0107anje uvjeta kori\u0161tenja<\/strong><\/p>\n<p style=\"text-align: justify;\">Pristup i kori\u0161tenje ove Internet stranice podlije\u017eu Uvjetima kori\u0161tenja i predstavljaju Va\u0161u suglasnost o pridr\u017eavanju istih, kao i obaveza koje iz njih proizlaze. Ukoliko niste suglasni s Uvjetima kori\u0161tenja i niste ih se spremni pridr\u017eavati, niste ovla\u0161teni pristupiti, koristiti se niti preuzimati sadr\u017eaje ove Internet stranice.<br \/>\nO\u010ditovanje o za\u0161titi privatnosti, koje je sadr\u017eajni dio ove Internet stranice, ujedno je sastavni dio Uvjeta kori\u0161tenja.<\/p>\n<p style=\"text-align: justify;\"><strong>Izmjena Uvjeta kori\u0161tenja<\/strong><\/p>\n<p style=\"text-align: justify;\">Agenor automatika d.o.o. zadr\u017eava pravo da, u bilo kojem trenutku i bez prethodne pisane obavijesti, a\u017eurira i izmjeni ove Uvjete kori\u0161tenja.<\/p>\n<p style=\"text-align: justify;\"><strong>Obavijest o autorskom pravu i ograni\u010denoj licenci<\/strong><\/p>\n<p style=\"text-align: justify;\">Cjelokupan sadr\u017eaj ove Internet stranice, koji uklju\u010duje tekst, fotografije, ilustracije, grafi\u010dki dizajn, slike i isje\u010dke slika, elemente vizualnog identiteta te sav audio i video materijal (u daljnjem tekstu &#8216;Sadr\u017eaj&#8217;) za\u0161ti\u0107en je autorskim pravom.<br \/>\nSadr\u017eaj Internet stranice www.agenor.hr nije dopu\u0161teno kopirati, preuzimati, ispisivati, objavljivati, prikazivati, izvoditi, distribuirati, prenositi, prevoditi, mijenjati, dodavati, a\u017eurirati, prikupljati, skra\u0107ivati niti na bilo koji drugi na\u010din preoblikovati ili prilago\u0111avati bez prethodnog pismenog odobrenja tvrtke Agenor automatika d.o.o.<\/p>\n<p style=\"text-align: justify;\"><strong>Obavijest o uslu\u017enoj marki<\/strong><\/p>\n<p style=\"text-align: justify;\">Uslu\u017ena marka i logotip Agenor prikazani na ovoj internet stranici registrirani su i vlasni\u010dki za\u0161ti\u0107eni od strane tvrtke Agenor automatika d.o.o. i njenih povezanih dru\u0161tava. Nije dozvoljeno koristiti, reproducirati, prikazivati niti na bilo koji na\u010din upotrebljavati logotip, znak i naziv uslu\u017ene marke Agenor, bez prethodnog pismenog odobrenja tvrtke Agenor automatika d.o.o. koja je njen vlasnik.<\/p>\n<p style=\"text-align: justify;\"><strong>Podaci i materijali dostavljeni od strane posjetitelja<\/strong><\/p>\n<p style=\"text-align: justify;\">Svi podaci i materijali koji su dostavljeni tvrtki Agenor automatika d.o.o. putem internet stranice www.agenor.hr, poput komentara, prijedloga, upita, pisanih dokumenata, slikovnog materijala, kreativnih rje\u0161enja i drugo, smatrat \u0107e se nepovjerljivim i nevlasni\u010dkim. Po\u0161iljatelj se dostavljanjem istih odri\u010de svih materijalnih, autorskih i intelektualnih prava i besplatno ih prenosi na tvrtku Agenor automatika d.o.o. bez sadr\u017eajnih, prostornih ili vremenskih ograni\u010denja. Agenor automatika d.o.o. ovla\u0161tena je koristiti sav tako dostavljen materijal u bilo koje svrhe, bez ograni\u010denja, zabrana i naknada. Odgovornost za slanje bilo kakvih informacija putem ove Internet stranice, uklju\u010duju\u0107i, ali bez ograni\u010denja, njihovu istinitost i to\u010dnost snosi po\u0161iljatelj. Dostavljanje informacija putem kontaktnog obrasca ove stranice nema obvezuju\u0107ih u\u010dinaka za Agenor automatiku d.o.o.<\/p>\n<p style=\"text-align: justify;\"><strong>Informacije tre\u0107ih osoba<\/strong><\/p>\n<p style=\"text-align: justify;\">Odre\u0111eni sadr\u017eaj na ovoj stranici Agenor automatici d.o.o. osigurale su ili ustupile tre\u0107e osobe. Sadr\u017eaji ustupljeni na kori\u0161tenje od tre\u0107ih osoba namijenjeni su isklju\u010divo dodatnom informiranju, ilustriranju i poja\u0161njavanju usluge koju pru\u017ea Agenor automatika d.o.o.. Agenor automatika d.o.o. ne jam\u010di niti tvrdi da su ti sadr\u017eaji va\u017ee\u0107i, to\u010dni, potpuni ili pouzdani, te ne preuzima odgovornost za kori\u0161tenje sadr\u017eaja koje su ustupile tre\u0107e osobe.<\/p>\n<p style=\"text-align: justify;\"><strong>Linkovi na druge web stranice<\/strong><\/p>\n<p style=\"text-align: justify;\">Ova stranica sadr\u017ei hiperlinkove na Internet stranice tre\u0107ih osoba koje ne odr\u017eava i ne posjeduje Agenor automatika d.o.o., a namijenjeni su boljem informiranju posjetitelja. Integriranje tih hiperlinkova na stranicu www.agenor.hr ne podrazumijeva odobravanje, uskla\u0111enost u stavovima i mi\u0161ljenjima ili bilo kakvu vrstu povezanosti Agenor automatike d.o.o. s tre\u0107im osobama, odnosno njihovim Internet stranicama. Agenor automatika d.o.o. ne odgovara za sadr\u017eaj Internet stranica tre\u0107ih osoba.<\/p>\n<p style=\"text-align: justify;\"><strong>Informacije o usluzi<\/strong><\/p>\n<p style=\"text-align: justify;\">Sadr\u017eaj ove stranice predstavlja usluge koje podrazumijeva brend Agenor. Konkretne informacije o toj usluzi posjetitelj mo\u017ee saznati direktnim kontaktom s tvrtkom Agenor automatika d.o.o.<\/p>\n<p style=\"text-align: justify;\"><strong>Pravo izmjene Internet stranice<\/strong><\/p>\n<p style=\"text-align: justify;\">Agenor automatika d.o.o. zadr\u017eava pravo izmjene sadr\u017eaja i funkcionalnosti ove Internet stranice. Agenor automatika d.o.o. mo\u017ee bez prethodne najave i obrazlo\u017eenja, te u bilo koje vrijeme, ograni\u010diti pristup ili zatvoriti ovu stranicu, a za eventualne posljedice takvih izmjena i postupaka ne\u0107e snositi odgovornost.<\/p>\n<p style=\"text-align: justify;\"><strong>Predvi\u0111anja i izjave<\/strong><\/p>\n<p style=\"text-align: justify;\">Ova internet stranica mo\u017ee sadr\u017eavati odre\u0111ena predvi\u0111anja, komunicirati izjave koje ne sadr\u017ee povijesne \u010dinjenice, te izjavama iskazivati na\u0161a uvjerenja, o\u010dekivanja, stavove i mi\u0161ljenja, temeljene na na\u0161em poslovnom iskustvu i planovima. Agenor automatika d.o.o. odri\u010de se svake odgovornosti u pogledu navedenih izjava, te ne preuzima obvezu obnavljanja predvi\u0111anja novim informacijama.<\/p>\n<p style=\"text-align: justify;\"><strong>Op\u0107i uvjeti s o\u010ditovanjem o za\u0161titi privatnosti<\/strong><\/p>\n<p style=\"text-align: justify;\">Pristup i kori\u0161tenje ove internet stranice predstavlja suglasnost posjetitelja sa sljede\u0107im Op\u0107im uvjetima:<\/p>\n<ul>\n<li>Agenor automatika d.o.o. u stvaranju sadr\u017eaja koristi stru\u010dne kapacitete i izvore. Usluge i informacije koje se ovom Internet stranicom komuniciraju Agenor automatika d.o.o. pru\u017ea &#8216;takve kakve jesu&#8217;, bez izri\u010ditog ili impliciranog jamstva. Za to\u010dnost ovih informacija i eventualne propuste na koje Agenor automatika d.o.o. ne mo\u017ee utjecati, tvrtka ne preuzima se odgovornost.<\/li>\n<li>U slu\u010daju nedostupnosti ove usluge iz tehni\u010dkih razloga Agenor automatika d.o.o. ne preuzima odgovornost.<\/li>\n<li>Agenor automatika d.o.o. koristi alat Google Analytics za evidentiranje posje\u0107enosti ove stranice od strane posjetitelja.<\/li>\n<li>Agenor automatika d.o.o. zadr\u017eava pravo arhiviranja podataka, materijala i informacija koje dostave posjetitelji stranice.<\/li>\n<li>Agenor automatika d.o.o. mo\u017ee koristiti mehanizme evidencije posjetitelja putem tzv. &#8216;kola\u010di\u0107a&#8217; (eng. cookies), na na\u010din da prikuplja podatke koji nisu osobni.<\/li>\n<\/ul>\n<p style=\"text-align: justify;\">U slu\u010daju da na neki od gore opisanih na\u010dina ipak do\u0111e do otkrivanja osobnih podataka posjetitelja, Uvjeti kori\u0161tenja ove internet stranice podrazumijevaju izri\u010diti pristanak posjetitelja na prikupljanje, obradu i kori\u0161tenje tako prikupljenih osobnih podataka.<\/p>\n<p style=\"text-align: justify;\"><strong>Odricanje od jamstva<\/strong><\/p>\n<p style=\"text-align: justify;\">Ova Internet stranica na raspolaganju je u vi\u0111enom i dostupnom stanju bez ikakvih jamstava. U naj\u0161irem smislu Agenor automatika d.o.o. odri\u010de se svih jamstava, bilo izri\u010ditih, impliciranih ili zakonskih. Agenor automatika d.o.o. ne jam\u010di dostupnost ove stranice u bilo koje vrijeme i na bilo kojoj lokaciji, ne jam\u010di kontinuitet njenog rada tijekom tehni\u010dkog odr\u017eavanja te ne jam\u010di odsutnost pogre\u0161aka bilo koje vrste. Agenor automatika d.o.o. ula\u017ee sve dostupne mogu\u0107nosti, kapacitete, znanja i sposobnosti kako bi sadr\u017eaji stranice bili sigurni, to\u010dni, istiniti i u skladu sa strukom, no ne jam\u010di da ove stranice nemaju i da ne\u0107e imati virusa, crva, zlo\u0107udnih kodova, datoteka ili \u0161tetnih ili invazivnih programa. Agenor automatika d.o.o. ne daje garanciju u pogledu pouzdanosti, valjanosti i aktualnosti podataka na ovoj internet stranici, kao ni za posljedice koje iz toga proizlaze.<\/p>\n<p style=\"text-align: justify;\"><strong>Odricanje od odgovornosti<\/strong><\/p>\n<p style=\"text-align: justify;\">Ovu internet stranicu koristite na vlastitu odgovornost. Tvrtka Agenor automatika d.o.o. i njena povezana dru\u0161tva, \u010dlanovi uprave i djelatnici ne\u0107e biti odgovorni za bilo kakve posredne, neposredne ili slu\u010dajne gubitke i \u0161tete nastale uslijed ili u vezi kori\u0161tenja ove Internet stranice ili nemogu\u0107nosti pristupa kori\u0161tenju, do mjere koja je dozvoljena mjerodavnim pravom Republike Hrvatske. Agenor automatika d.o.o. odri\u010de se od odgovornosti za eventualne pogre\u0161ke ili propuste u sadr\u017eaju ove stranice koji upu\u0107uje na njene usluge i proizvode koji su s time u vezi. Ovo odricanje od odgovornosti primjenjuje se neovisno je li navodna odgovornost temeljena na ugovoru, nemaru, objektivnoj odgovornosti ili bilo kojoj drugoj osnovi.<\/p>\n<p style=\"text-align: justify;\"><strong>Datum stupanja na snagu<\/strong><\/p>\n<p style=\"text-align: justify;\">Gore navedeni uvjeti kori\u0161tenja stupaju na snagu 01.04.2014.<\/p>\n<p><\/p>","protected":false},"excerpt":{"rendered":"<p>Dobrodo\u0161li na Internet stranicu www.agenor.hr u vlasni\u0161tvu tvrtke Agenor automatika d.o.o. Pore\u010d. Ova stranica pru\u017ea op\u0107e informacije o tvrtki Agenor automatika d.o.o. i uslugama koje ona isporu\u010duje. Stranicom se mo\u017eete slu\u017eiti isklju\u010divo pod uvjetom prihva\u0107anja ovih uvjeta kori\u0161tenja. Prihva\u0107anje uvjeta kori\u0161tenja Pristup i kori\u0161tenje ove Internet stranice podlije\u017eu Uvjetima kori\u0161tenja i predstavljaju Va\u0161u suglasnost o [&hellip;]<\/p>\n","protected":false},"author":5,"featured_media":0,"parent":0,"menu_order":0,"comment_status":"open","ping_status":"open","template":"","meta":{"_genesis_hide_title":false,"_genesis_hide_breadcrumbs":false,"_genesis_hide_singular_image":false,"_genesis_hide_footer_widgets":false,"_genesis_custom_body_class":"","_genesis_custom_post_class":"","_genesis_layout":""},"_links":{"self":[{"href":"https:\/\/www.agenor.hr\/hr\/wp-json\/wp\/v2\/pages\/635"}],"collection":[{"href":"https:\/\/www.agenor.hr\/hr\/wp-json\/wp\/v2\/pages"}],"about":[{"href":"https:\/\/www.agenor.hr\/hr\/wp-json\/wp\/v2\/types\/page"}],"author":[{"embeddable":true,"href":"https:\/\/www.agenor.hr\/hr\/wp-json\/wp\/v2\/users\/5"}],"replies":[{"embeddable":true,"href":"https:\/\/www.agenor.hr\/hr\/wp-json\/wp\/v2\/comments?post=635"}],"version-history":[{"count":5,"href":"https:\/\/www.agenor.hr\/hr\/wp-json\/wp\/v2\/pages\/635\/revisions"}],"predecessor-version":[{"id":702,"href":"https:\/\/www.agenor.hr\/hr\/wp-json\/wp\/v2\/pages\/635\/revisions\/702"}],"wp:attachment":[{"href":"https:\/\/www.agenor.hr\/hr\/wp-json\/wp\/v2\/media?parent=635"}],"curies":[{"name":"wp","href":"https:\/\/api.w.org\/{rel}","templated":true}]}}