{"id":638,"date":"2014-07-09T09:51:10","date_gmt":"2014-07-09T09:51:10","guid":{"rendered":"http:\/\/www.agenor.hr\/?page_id=638"},"modified":"2014-09-02T12:35:13","modified_gmt":"2014-09-02T12:35:13","slug":"zastita-privatnosti","status":"publish","type":"page","link":"https:\/\/www.agenor.hr\/hr\/zastita-privatnosti\/","title":{"rendered":"Za\u0161tita privatnosti"},"content":{"rendered":"<p><\/p>\n<p style=\"text-align: justify;\">Internet stranicu www.agenor.hr posjeduje i njome upravlja tvrtka Agenor automatika d.o.o. iz Pore\u010da, koja se obvezala na po\u0161tivanje postoje\u0107ih zakonskih uvjeta u odnosu na osobnu privatnost pojedinaca koji koriste ovu stranicu. Ovo O\u010ditovanje o za\u0161titi privatnosti (u daljnjem tekstu: O\u010ditovanje) opisuje aktualna pravila i praksu tvrtke Agenor automatika d.o.o. u odnosu na osobne podatke, koje ista prikuplja putem ove internet stranice.<\/p>\n<p style=\"text-align: justify;\"><strong>Terminolo\u0161ko razgrani\u010denje<\/strong><\/p>\n<p style=\"text-align: justify;\">Izraz &#8216;osobni podaci&#8217; zna\u010di informacije koje se odnose na fizi\u010dku osobu koja se mo\u017ee identificirati, odnosno \u010diji se identitet mo\u017ee utvrditi izravno ili neizravno (npr. ime i prezime, prebivali\u0161te, dob, adresa elektroni\u010dke po\u0161te i drugo). Pod izrazom &#8216;Internet stranica&#8217; podrazumijeva se stranica koja se nalazi na adresi www.agenor.hr .<\/p>\n<p style=\"text-align: justify;\"><strong>Izmjene o\u010ditovanja o za\u0161titi privatnosti<\/strong><\/p>\n<p style=\"text-align: justify;\">Agenor automatika d.o.o. kontinuirano razvija, usavr\u0161ava, aktualizira i dopunjava ovu Internet stranicu novim funkcijama i sadr\u017eajima. Te izmjene, kao i primjena novih zakonskih propisa ili tehnologije mogu dovesti do izmjena u ovom O\u010ditovanju. Agenor automatika d.o.o. zadr\u017eava pravo da u svako doba, bez prethodne najave ili obavijesti, unese izmjene u ovo O\u010ditovanje.<br \/>\nO\u010ditovanje o za\u0161titi privatnosti i svaka njegova izmjena korisnicima \u0107e biti na raspolaganju u rubrici pod nazivom &#8216;Za\u0161tita privatnosti&#8217;, koja je sastavni dio ove internet stranice. Kori\u0161tenje stranice od strane korisnika predstavlja suglasnost s uvjetima navedenim u ovom O\u010ditovanju o za\u0161titi privatnosti.<br \/>\nDatum objave ovog O\u010ditovanja je 01.04.2014.<\/p>\n<p style=\"text-align: justify;\"><strong>Suglasnost korisnika<\/strong><\/p>\n<p style=\"text-align: justify;\">Ovo O\u010ditovanje sastavni je dio Internet stranice www.agenor.hr kao i Uvjeta kori\u0161tenja. Pristup i kori\u0161tenje ove internet stranice predstavlja izri\u010diti pristanak korisnika na prikupljanje, obradu, kori\u0161tenje i otkrivanje osobnih podataka korisnika sukladno ovom O\u010ditovanju.<br \/>\nPristupom i kori\u0161tenjem ove Internet stranice izri\u010dito i dobrovoljno pristajete da Agenor automatika d.o.o. prikuplja va\u0161e osobne podatke i iste obra\u0111uje u svrhe definirane ovim O\u010ditovanjem, dajete suglasnost da Agenor automatika d.o.o. na temelju ugovora pojedine poslove u svezi s obradom osobnih podataka povjeri izvr\u0161itelju obrade u zemlji ili u inozemstvu koji je registriran za obavljanje takve djelatnosti i osigurava dovoljna jamstva za\u0161tite osobnih podataka, kao i da te podatke daje na kori\u0161tenje drugim korisnicima s kojima poslovno sura\u0111uje, s time da u svakom trenutku imate pravo usprotiviti se obradi va\u0161ih osobnih podatka u marketin\u0161ke svrhe i o takvom protivljenju obavijestiti Agenor automatiku d.o.o. putem kontaktnog obrasca koji je sastavni dio ove stranice.<\/p>\n<p style=\"text-align: justify;\"><strong>Prikupljeni osobni podaci<\/strong><\/p>\n<p style=\"text-align: justify;\">Agenor automatika d.o.o. prikuplja osobne podatke korisnika koji posje\u0107uju i koriste ovu stranicu. Agenor automatika d.o.o. s osobnim podacima korisnika postupa u skladu sa Zakonom o za\u0161titi osobnih podataka i sadr\u017eajem ovog O\u010ditovanja o za\u0161titi privatnosti.<br \/>\nOsobne podatke, koje nam vi dajete prilikom kori\u0161tenja ove stranice, Agenor automatika d.o.o. koristi kako bi njeni djelatnici vama i na va\u0161 zahtjev pru\u017eili informacije i obavijesti o na\u0161im uslugama, odgovorili na upite ili primjedbe.<br \/>\nVa\u0161u adresu elektroni\u010dke po\u0161te te ime i prezime Agenor automatika d.o.o. mo\u017ee koristiti za dostavu promotivnih materijala. Ukoliko ne \u017eelite da se va\u0161i osobni podaci koriste u promotivne svrhe, obavijestite nas o tome putem kontaktnog obrasca koji je sastavni dio ove Internet stranice.<br \/>\nOsobne podatke prikupljene putem ove Internet stranice Agenor automatika d.o.o. mo\u017ee koristiti za unaprje\u0111enje kvalitete svojih usluga i sadr\u017eaja ove internet stranice.<\/p>\n<p style=\"text-align: justify;\"><strong>Click-Stream Data<\/strong><\/p>\n<p style=\"text-align: justify;\">Agenor automatika d.o.o. koristi tehnologiju za pra\u0107enje posjeta ovoj stranici koja evidentira koje rubrike pregledavate i koje linkove koristite. Te informacije o va\u0161em kori\u0161tenju ove stranice nazivaju se &#8216;click-stream data&#8217; (&#8216;podaci o klikanju&#8217;), a slu\u017ee nam da identificiramo va\u0161e preferencije u pogledu sadr\u017eaja stranice i detektiramo potencijalne nedostatke u cilju pobolj\u0161anja stranice. Funkcija &#8216;Click-stream dana&#8217; u pravilu vas ne identificira osobno, no ukoliko do toga do\u0111e s istima \u0107e se postupati u skladu s Zakonom o za\u0161titi osobnih podataka.<\/p>\n<p style=\"text-align: justify;\"><strong>Kola\u010di\u0107i (Cookies)<\/strong><\/p>\n<p style=\"text-align: justify;\">Informacije o Vama mo\u017eemo dobiti na na\u010din da na va\u0161e ra\u010dunalo, mobilni telefon, tablet ili neki drugi ure\u0111aj s kojeg stranici pristupate instaliramo na\u0161 vlastiti marker. Uobi\u010dajeni naziv za taj marker je &#8216;cookie&#8217; i on omogu\u0107ava va\u0161u identifikaciju po generiranoj jedinstvenoj identifikacijskoj oznaci. Tako dobivena baza daje nam informacije o va\u0161im minulim odabirima i preferencijama. Va\u0161 ure\u0111aj putem kojeg pristupate ovoj Internet stranici mo\u017ee biti konfiguriran na na\u010din da odbija &#8216;cookiese&#8217;. Dodatne informacije o ovoj temi potra\u017eite na svom pregledniku.<\/p>\n<p style=\"text-align: justify;\"><strong>Google Analytics<\/strong><\/p>\n<p style=\"text-align: justify;\">Ova stranica koristi Google Analytics, uslugu mre\u017ene analitike koju pru\u017ea tvrtka Google Inc. (u daljnjem tekstu: Google). Google Analytics koristi &#8216;cookiese&#8217;, a podatke o kori\u0161tenju ove Internet stranice koji se tako (uklju\u010duju\u0107i va\u0161u IP adresu) Google \u0107e prenijeti i pohraniti na servere u Sjedinjenim Dr\u017eavama i koristiti u svrhu evidencije va\u0161eg kori\u0161tenja ove Internet stranice, sastavljanja izvje\u0161taja o aktivnosti stranice te za pru\u017eanje drugih usluga koje se odnose na kori\u0161tenje ove stranice i interneta. Google tako\u0111er mo\u017ee ove informacije prenositi tre\u0107im osobama kad to nala\u017ee zakon ili kad takve tre\u0107e osobe obra\u0111uju informacije u ime Googlea. Google ne\u0107e Va\u0161u IP adresu povezivati s bilo kojim drugim podacima do kojih ima pristup. Kori\u0161tenje &#8216;cookiesa&#8217; mo\u017eete odbiti tako da odaberete odgovaraju\u0107e postavke na svom pregledniku. Mogu\u0107e je, da u tom slu\u010daju, ne\u0107ete mo\u0107i koristiti sve sadr\u017eaje ili funkcije ove stranice.<\/p>\n<p style=\"text-align: justify;\"><strong>Otkrivanje osobnih podataka povezanim dru\u0161tvima<\/strong><\/p>\n<p style=\"text-align: justify;\">Osobne podatke prikupljene preko ove Internet stranice Agenor automatika d.o.o. mo\u017ee staviti na raspolaganje svojim povezanim dru\u0161tvima, koja te osobne podatke mogu koristiti na isti na\u010din kako ih koristi Agenor automatika d.o.o., odnosno u skladu s ovim O\u010ditovanjem o za\u0161titi privatnosti. Ako ne \u017eelite da Agenor automatika d.o.o. va\u0161e osobne podatke stavlja na raspolaganje svojim povezanim dru\u0161tvima, molimo da nas o tome obavijestite putem na\u0161e kontaktne forme, koja je integralni dio ove Internet stranice.<\/p>\n<p style=\"text-align: justify;\"><strong>Otkrivanje osobnih podataka nepovezanim tre\u0107im osobama<\/strong><\/p>\n<p style=\"text-align: justify;\">Agenor automatika d.o.o. i njena povezana dru\u0161tva mogu osobne podatke prikupljene putem ove stranice priop\u0107avati tre\u0107im osobama u svijetu, koje nastupaju za ili u ime Agenor automatike d.o.o. i\/ili njenih povezanih dru\u0161tava, na primjer, tvrtkama koje nam pru\u017eaju usluge podr\u0161ke, uklju\u010duju\u0107i usluge obrade podataka, ili koje nam poma\u017eu da na\u0161e usluge marketin\u0161ki realiziramo. Te tvrtke nisu ovla\u0161tene koristiti va\u0161e osobne podatke ni u koju drugu svrhu osim onih o kojima smo Vas izvijestili u ovom O\u010ditovanju o za\u0161titi privatnosti.<\/p>\n<p style=\"text-align: justify;\"><strong>Prijenos osobnih podataka u inozemstvo<\/strong><\/p>\n<p style=\"text-align: justify;\">Agenor automatika d.o.o. i njena povezana dru\u0161tva posluju na svjetskom tr\u017ei\u0161tu i imaju poslovne objekte i baze podataka u drugim zemljama. Agenor automatika d.o.o. i njene povezane tvrtke mogu povremeno va\u0161e osobne podatke prenijeti u bazu podataka koja pripada Agenor automatici d.o.o., nekom njenom povezanom dru\u0161tvu ili nekoj tre\u0107oj osobi u nekoj drugoj zemlji, u svrhe koje su opisane u ovom O\u010ditovanju o za\u0161titi privatnosti. Ukoliko do toga do\u0111e, Agenor automatika d.o.o. poduzet \u0107e odgovaraju\u0107e mjere predostro\u017enosti, u skladu s va\u017ee\u0107im Zakonom kako bi za\u0161titila povjerljivost i osigurala za\u0161titu va\u0161ih osobnih podataka.<\/p>\n<p style=\"text-align: justify;\"><strong>Drugi slu\u010dajevi prijenosa osobnih podataka<\/strong><\/p>\n<p style=\"text-align: justify;\">U odre\u0111enim ograni\u010denim okolnostima Agenor automatika d.o.o. ili njena povezana dru\u0161tva mogu priop\u0107iti ili prenijeti osobne podatke iz svojih baza nekoj tre\u0107oj osobi, koja nije s njima vlasni\u010dki ni organizacijski povezana, primjerice &#8211; kako bi udovoljili nekoj zakonskoj obvezi, u cilju javnog interesa, u slu\u010daju prodaje, fuzioniranja, reorganizacije, raspu\u0161tanja tvrtke ili sli\u010dno.<br \/>\nKad je to prikladno i mogu\u0107e, prije otkrivanja osobnih podataka nekoj tre\u0107oj osobi, Agenor automatika d.o.o. \u0107e temeljem ugovora od tre\u0107e osobe tra\u017eiti poduzimanje odgovaraju\u0107ih mjera za\u0161tite, neovla\u0161tenog kori\u0161tenja ili otkrivanja podataka. Ukoliko ne \u017eelite da Agenor automatika d.o.o. va\u0161e osobne podatke priop\u0107ava tre\u0107im osobama pod ovim strogo kontroliranim uvjetima, molimo da nas o tome obavijestite putem na\u0161eg kontaktnog obrasca, koji je sastavni dio ove Internet stranice.<\/p>\n<p style=\"text-align: justify;\"><strong>Integritet i za\u0161tita podataka<\/strong><\/p>\n<p style=\"text-align: justify;\">Agenor automatika d.o.o. poduzima komercijalno opravdane mjere da bi odr\u017eala pouzdanost, to\u010dnost, kompletnost i aktualnost osobnih podataka u svojim bazama podatka i za\u0161titila njihovu sigurnost. Va\u0161i osobni podaci \u010duvaju se onoliko dugo koliko je to namjenski potrebno ili koliko je to zakonski propisano. Serveri i baze podataka tvrtke Agenor automatika d.o.o. za\u0161ti\u0107eni su standardnom za\u0161titnom tehnologijom. Zaposlenici, koji imaju pristup osobnim podacima, zavr\u0161ili su odgovaraju\u0107u obuku o propisnom postupanju s takvim podacima, u skladu s na\u0161im protokolima o za\u0161titi. Agenor automatika d.o.o. ne mo\u017ee jam\u010diti gubitak, zlouporabu, neovla\u0161teno otkrivanje, izmjenu ili uni\u0161tenje osobnih podataka uslijed djelovanja ljudskog faktora, ali preventivnim mjerama nastoji sprije\u010diti takve ne\u017eeljene doga\u0111aje.<\/p>\n<p style=\"text-align: justify;\"><strong>Pristup podacima i ispravci<\/strong><\/p>\n<p style=\"text-align: justify;\">Putem ove Internet stranice mo\u017eete poslati zahtjev za ispravljanjem ili brisanjem osobnih podataka. Zahtjev mora sadr\u017eavati sve potrebne informacije za identifikaciju osobnih podataka koji se trebaju ispraviti ili izbrisati. Zahtjevi podlije\u017eu svim zakonskim uvjetima o izvje\u0161tavanju ili \u010duvanju podataka, koje je Agenor automatika d.o.o. du\u017ena po\u0161tivati.<\/p>\n<p style=\"text-align: justify;\"><strong>Maloljetne osobe<\/strong><\/p>\n<p style=\"text-align: justify;\">Agenor automatika d.o.o. svjesno ne prikuplja osobne podatke od osoba ispod navr\u0161enih 18 godina. Ukoliko ste posjetitelj i imate ispod 18 godina molimo da nam ne prenosite nikakve osobne podatke. Ukoliko razlo\u017eno vjerujete da je maloljetna osoba prenijelo Agenor automatici d.o.o. svoje osobne podatke, molimo da nas kontaktirate preko na\u0161ih kontaktnih podataka objavljenim na ovoj Internet stranici. Agenor automatika d.o.o. poduzet \u0107e sve potrebne mjere da te osobne podatke izbri\u0161e iz vlastitih baza.<\/p>\n<p style=\"text-align: justify;\"><strong>Hiperlink s drugim stranicama<\/strong><\/p>\n<p style=\"text-align: justify;\">Ovo o\u010ditovanje o za\u0161titi privatnosti vrijedi za internet stranicu na adresi www.agenor.hr. Agenor automatika d.o.o. i njena povezana dru\u0161tva posjeduju i druge Internet stranice. Ukoliko ih posje\u0107ujete, molimo da pro\u010ditate O\u010ditovanje o za\u0161titi privatnosti koje se nalazi na tim stranicama.<br \/>\nStranica www.agenor.hr mo\u017ee sadr\u017eavati hiperlinkove za spajanje na internet stranice koje ne odr\u017eava Agenor automatika d.o.o. ili netko od njenih povezanih dru\u0161tava. Ti su hiperlinkovi uklju\u010deni u cilju dodatnog informiranja korisnika ove Internet stranice, ali ne podrazumijevaju na\u0161e odobravanje aktivnosti tih Internet stranica tre\u0107ih osoba niti bilo kakvu na\u0161u povezanost s osobama koje te stranice odr\u017eavaju. Agenor automatika d.o.o. ne kontrolira te stranice i ne odgovara za njihove postupke s podacima. Sugeriramo vam da na svakoj stranici koju posje\u0107ujete, prije kori\u0161tenja ili pru\u017eanja bilo kakvih osobnih podataka, pro\u010ditate njihovo O\u010ditovanje o za\u0161titi privatnosti.<\/p>\n<p style=\"text-align: justify;\"><strong>Pitanja o na\u0161em O\u010ditovanju o za\u0161titi privatnosti<\/strong><\/p>\n<p style=\"text-align: justify;\">Ukoliko imate bilo kakve upite o ovom O\u010ditovanju o za\u0161titi privatnosti ili bilo kakvih dvojbi oko na\u010dina kako www.agenor.hr postupa s va\u0161im osobnim podacima, molimo da nas o tome obavijestite putem kontaktnih podataka objavljenih na ovoj stranici.<\/p>\n<p><\/p>","protected":false},"excerpt":{"rendered":"<p>Internet stranicu www.agenor.hr posjeduje i njome upravlja tvrtka Agenor automatika d.o.o. iz Pore\u010da, koja se obvezala na po\u0161tivanje postoje\u0107ih zakonskih uvjeta u odnosu na osobnu privatnost pojedinaca koji koriste ovu stranicu. Ovo O\u010ditovanje o za\u0161titi privatnosti (u daljnjem tekstu: O\u010ditovanje) opisuje aktualna pravila i praksu tvrtke Agenor automatika d.o.o. u odnosu na osobne podatke, koje [&hellip;]<\/p>\n","protected":false},"author":5,"featured_media":0,"parent":0,"menu_order":0,"comment_status":"open","ping_status":"open","template":"","meta":{"_genesis_hide_title":false,"_genesis_hide_breadcrumbs":false,"_genesis_hide_singular_image":false,"_genesis_hide_footer_widgets":false,"_genesis_custom_body_class":"","_genesis_custom_post_class":"","_genesis_layout":""},"_links":{"self":[{"href":"https:\/\/www.agenor.hr\/hr\/wp-json\/wp\/v2\/pages\/638"}],"collection":[{"href":"https:\/\/www.agenor.hr\/hr\/wp-json\/wp\/v2\/pages"}],"about":[{"href":"https:\/\/www.agenor.hr\/hr\/wp-json\/wp\/v2\/types\/page"}],"author":[{"embeddable":true,"href":"https:\/\/www.agenor.hr\/hr\/wp-json\/wp\/v2\/users\/5"}],"replies":[{"embeddable":true,"href":"https:\/\/www.agenor.hr\/hr\/wp-json\/wp\/v2\/comments?post=638"}],"version-history":[{"count":5,"href":"https:\/\/www.agenor.hr\/hr\/wp-json\/wp\/v2\/pages\/638\/revisions"}],"predecessor-version":[{"id":696,"href":"https:\/\/www.agenor.hr\/hr\/wp-json\/wp\/v2\/pages\/638\/revisions\/696"}],"wp:attachment":[{"href":"https:\/\/www.agenor.hr\/hr\/wp-json\/wp\/v2\/media?parent=638"}],"curies":[{"name":"wp","href":"https:\/\/api.w.org\/{rel}","templated":true}]}}