{"id":756,"date":"2014-09-05T09:56:28","date_gmt":"2014-09-05T09:56:28","guid":{"rendered":"http:\/\/www.agenor.hr\/?page_id=756"},"modified":"2014-09-09T08:59:24","modified_gmt":"2014-09-09T08:59:24","slug":"robotika","status":"publish","type":"page","link":"https:\/\/www.agenor.hr\/hr\/robotika\/","title":{"rendered":"Robotika"},"content":{"rendered":"<p><\/p>\n<p style=\"text-align: justify;\"><a href=\"http:\/\/www.agenor.hr\/wp-content\/uploads\/2014\/09\/shutterstock_162671723.jpg\"><img loading=\"lazy\" class=\"alignnone size-large wp-image-760\" alt=\"shutterstock_162671723\" src=\"http:\/\/www.agenor.hr\/wp-content\/uploads\/2014\/09\/shutterstock_162671723-1024x701.jpg\" width=\"1024\" height=\"701\" srcset=\"https:\/\/www.agenor.hr\/wp-content\/uploads\/2014\/09\/shutterstock_162671723-1024x701.jpg 1024w, https:\/\/www.agenor.hr\/wp-content\/uploads\/2014\/09\/shutterstock_162671723-300x205.jpg 300w, https:\/\/www.agenor.hr\/wp-content\/uploads\/2014\/09\/shutterstock_162671723.jpg 1240w\" sizes=\"(max-width: 1024px) 100vw, 1024px\" \/><\/a>Robotska rje\u0161enja uklju\u010duju:<\/p>\n<p style=\"text-align: justify;\">\n<ul style=\"text-align: justify;\">\n<li>idejno rje\u0161enje robotske stanice<\/li>\n<li>projektiranje, nabavu i izvo\u0111enje djelova sustava<\/li>\n<li>monta\u017eu<\/li>\n<li>programiranje<\/li>\n<li>pu\u0161tanje u pogon<\/li>\n<li>edukaciju<\/li>\n<li>podr\u0161ku.<\/li>\n<\/ul>\n<p style=\"text-align: justify;\">\n<p style=\"text-align: justify;\">Uz rje\u0161enje predajemo potpunu projektnu i tehni\u010dku dokumentaciju, uputstva za rad i osiguravamo \u0161kolovanje operatera. Rje\u0161enja su ra\u0111ena po mjeri za svaki konkretan slu\u010daj.<\/p>\n<p style=\"text-align: justify;\">\n<p style=\"text-align: justify;\">Partneri smo vode\u0107eg proizvo\u0111a\u010da industrijskih robota Kuka Robotics, te u suradnji s njma \u0161kolovali smo in\u017einjere za rad sa robotima.<\/p>\n<p style=\"text-align: justify;\">\n<p style=\"text-align: justify;\">Kontaktirajte nas u slu\u010daju da \u017eelite instalirati potpuno novu robotsku stanicu, preprogramirati postoje\u0107u stanicu ili optimirati proizvodnju.<\/p>\n<p style=\"text-align: justify;\">\n<p><\/p>","protected":false},"excerpt":{"rendered":"<p>Robotska rje\u0161enja uklju\u010duju: idejno rje\u0161enje robotske stanice projektiranje, nabavu i izvo\u0111enje djelova sustava monta\u017eu programiranje pu\u0161tanje u pogon edukaciju podr\u0161ku. Uz rje\u0161enje predajemo potpunu projektnu i tehni\u010dku dokumentaciju, uputstva za rad i osiguravamo \u0161kolovanje operatera. Rje\u0161enja su ra\u0111ena po mjeri za svaki konkretan slu\u010daj. Partneri smo vode\u0107eg proizvo\u0111a\u010da industrijskih robota Kuka Robotics, te u suradnji [&hellip;]<\/p>\n","protected":false},"author":5,"featured_media":0,"parent":0,"menu_order":0,"comment_status":"open","ping_status":"open","template":"","meta":{"_genesis_hide_title":false,"_genesis_hide_breadcrumbs":false,"_genesis_hide_singular_image":false,"_genesis_hide_footer_widgets":false,"_genesis_custom_body_class":"","_genesis_custom_post_class":"","_genesis_layout":""},"_links":{"self":[{"href":"https:\/\/www.agenor.hr\/hr\/wp-json\/wp\/v2\/pages\/756"}],"collection":[{"href":"https:\/\/www.agenor.hr\/hr\/wp-json\/wp\/v2\/pages"}],"about":[{"href":"https:\/\/www.agenor.hr\/hr\/wp-json\/wp\/v2\/types\/page"}],"author":[{"embeddable":true,"href":"https:\/\/www.agenor.hr\/hr\/wp-json\/wp\/v2\/users\/5"}],"replies":[{"embeddable":true,"href":"https:\/\/www.agenor.hr\/hr\/wp-json\/wp\/v2\/comments?post=756"}],"version-history":[{"count":4,"href":"https:\/\/www.agenor.hr\/hr\/wp-json\/wp\/v2\/pages\/756\/revisions"}],"predecessor-version":[{"id":763,"href":"https:\/\/www.agenor.hr\/hr\/wp-json\/wp\/v2\/pages\/756\/revisions\/763"}],"wp:attachment":[{"href":"https:\/\/www.agenor.hr\/hr\/wp-json\/wp\/v2\/media?parent=756"}],"curies":[{"name":"wp","href":"https:\/\/api.w.org\/{rel}","templated":true}]}}